{"id":13932,"date":"2025-11-01T22:02:21","date_gmt":"2025-11-01T22:02:21","guid":{"rendered":""},"modified":"2026-04-02T15:49:21","modified_gmt":"2026-04-02T15:49:21","slug":"squier-stratocaster-affinity","status":"publish","type":"product","link":"https:\/\/caralmusic.cl\/caral\/product\/squier-stratocaster-affinity\/","title":{"rendered":"Squier Stratocaster\u00ae Affinity"},"content":{"rendered":"<div class=\"row-fluid\">\n<div id=\"spec_category_image_general\" class=\"spec_category_image span3 text-center\">\n<h3>General<\/h3>\n<\/div>\n<div id=\"spec_category_table_general\" class=\"spec_category_table span9 text-left\">\n<table class=\"table table-striped\" style=\"width: 100%;\">\n<tbody>\n<tr>\n<td width=\"20%\">Nombre modelo:<\/td>\n<td width=\"80%\">Affinity Series\u2122 Stratocaster\u00ae, Indian Laurel Fingerboard, White Pickguard, 3-Color Sunburst<\/td>\n<\/tr>\n<tr>\n<td width=\"20%\">N\u00famero modelo:<\/td>\n<td width=\"80%\">0378000500<\/td>\n<\/tr>\n<tr>\n<td width=\"20%\">Serie:<\/td>\n<td width=\"80%\">Affinity<\/td>\n<\/tr>\n<tr>\n<td width=\"20%\">Color:<\/td>\n<td width=\"80%\">3-Color Sunburst<\/td>\n<\/tr>\n<\/tbody>\n<\/table>\n<\/div>\n<\/div>\n<hr \/>\n<div class=\"row-fluid\">\n<div id=\"spec_category_image_body\" class=\"spec_category_image span3 text-center\">\n<h3>Cuerpo<\/h3>\n<\/div>\n<div id=\"spec_category_table_body\" class=\"spec_category_table span9 text-left\">\n<table class=\"table table-striped\" style=\"width: 100%;\">\n<tbody>\n<tr>\n<td width=\"20%\">Forma del cuerpo:<\/td>\n<td width=\"80%\">Stratocaster\u00ae<\/td>\n<\/tr>\n<tr>\n<td width=\"20%\">Material del cuerpo:<\/td>\n<td width=\"80%\">\u00c1lamo (Poplar)<\/td>\n<\/tr>\n<tr>\n<td width=\"20%\">Acabado del cuerpo:<\/td>\n<td width=\"80%\">Poliuretano brillante<\/td>\n<\/tr>\n<\/tbody>\n<\/table>\n<\/div>\n<\/div>\n<hr \/>\n<div class=\"row-fluid\">\n<div id=\"spec_category_image_neck\" class=\"spec_category_image span3 text-center\">\n<h3>M\u00e1stil<\/h3>\n<\/div>\n<div id=\"spec_category_table_neck\" class=\"spec_category_table span9 text-left\">\n<table class=\"table table-striped\" style=\"width: 100%;\">\n<tbody>\n<tr>\n<td width=\"20%\">Material m\u00e1stil:<\/td>\n<td width=\"80%\">Arce (Maple)<\/td>\n<\/tr>\n<tr>\n<td width=\"20%\">Forma m\u00e1stil:<\/td>\n<td width=\"80%\">&#8220;C&#8221;<\/td>\n<\/tr>\n<tr>\n<td width=\"20%\">Longitud escala:<\/td>\n<td width=\"80%\">25.5&#8243; (648 mm)<\/td>\n<\/tr>\n<tr>\n<td width=\"20%\">Radio diapas\u00f3n:<\/td>\n<td width=\"80%\">9.5&#8243; (241 mm)<\/td>\n<\/tr>\n<tr>\n<td width=\"20%\">N\u00famero de trastes:<\/td>\n<td width=\"80%\">21<\/td>\n<\/tr>\n<tr>\n<td width=\"20%\">Tama\u00f1o trastes:<\/td>\n<td width=\"80%\">Altos estrechos<\/td>\n<\/tr>\n<tr>\n<td width=\"20%\">Cejilla cuerdas:<\/td>\n<td width=\"80%\">Hueso sint\u00e9tico<\/td>\n<\/tr>\n<tr>\n<td width=\"20%\">Ancho cejilla:<\/td>\n<td width=\"80%\">1.650&#8243; (42 mm)<\/td>\n<\/tr>\n<tr>\n<td width=\"20%\">Placa m\u00e1stil:<\/td>\n<td width=\"80%\">Est\u00e1ndar de 4 tornillos con logo grabado<\/td>\n<\/tr>\n<tr>\n<td width=\"20%\">Acabado m\u00e1stil:<\/td>\n<td width=\"80%\">Uretano satinado en el reverso con cara de pala brillante<\/td>\n<\/tr>\n<tr>\n<td width=\"20%\">Diapas\u00f3n:<\/td>\n<td width=\"80%\">Laurel Indio (Indian Laurel)<\/td>\n<\/tr>\n<tr>\n<td width=\"20%\">Puntos de posici\u00f3n:<\/td>\n<td width=\"80%\">Puntos blancos perlados<\/td>\n<\/tr>\n<\/tbody>\n<\/table>\n<\/div>\n<\/div>\n<hr \/>\n<div class=\"row-fluid\">\n<div id=\"spec_category_image_electronics\" class=\"spec_category_image span3 text-center\">\n<h3>Electr\u00f3nica<\/h3>\n<\/div>\n<div id=\"spec_category_table_electronics\" class=\"spec_category_table span9 text-left\">\n<table class=\"table table-striped\" style=\"width: 100%;\">\n<tbody>\n<tr>\n<td width=\"20%\">C\u00e1psula puente:<\/td>\n<td width=\"80%\">Strat cer\u00e1mica de bobina simple<\/td>\n<\/tr>\n<tr>\n<td width=\"20%\">C\u00e1psula central:<\/td>\n<td width=\"80%\">Strat cer\u00e1mica de bobina simple<\/td>\n<\/tr>\n<tr>\n<td width=\"20%\">C\u00e1psula m\u00e1stil:<\/td>\n<td width=\"80%\">Strat cer\u00e1mica de bobina simple<\/td>\n<\/tr>\n<tr>\n<td width=\"20%\">Controles:<\/td>\n<td width=\"80%\">Volumen Master, Tono 1. (C\u00e1psulas central y m\u00e1stil), Tono 2. (C\u00e1psula de puente)<\/td>\n<\/tr>\n<tr>\n<td width=\"20%\">Selector c\u00e1psulas:<\/td>\n<td width=\"80%\">Interruptor de 5 posiciones: Posici\u00f3n 1. C\u00e1psula de puente, Posici\u00f3n 2. C\u00e1psulas de puente y central, Posici\u00f3n 3. C\u00e1psula central, Posici\u00f3n 4. C\u00e1psulas central y de m\u00e1stil, Posici\u00f3n 5. C\u00e1psula de m\u00e1stil<\/td>\n<\/tr>\n<tr>\n<td width=\"20%\">Configuraci\u00f3n c\u00e1psulas:<\/td>\n<td width=\"80%\">SSS<\/td>\n<\/tr>\n<\/tbody>\n<\/table>\n<\/div>\n<\/div>\n<hr \/>\n<div class=\"row-fluid\">\n<div id=\"spec_category_image_hardware\" class=\"spec_category_image span3 text-center\">\n<h3>Hardware<\/h3>\n<\/div>\n<div id=\"spec_category_table_hardware\" class=\"spec_category_table span9 text-left\">\n<table class=\"table table-striped\" style=\"width: 100%;\">\n<tbody>\n<tr>\n<td width=\"20%\">Puente:<\/td>\n<td width=\"80%\">Tr\u00e9molo sincronizado de dos puntos con 6 selletas de bloque<\/td>\n<\/tr>\n<tr>\n<td width=\"20%\">Clavijeros:<\/td>\n<td width=\"80%\">Sellados de fundici\u00f3n con ejes ranurados<\/td>\n<\/tr>\n<tr>\n<td width=\"20%\">Orientaci\u00f3n:<\/td>\n<td width=\"80%\">Diestra<\/td>\n<\/tr>\n<tr>\n<td width=\"20%\">Pickguard:<\/td>\n<td width=\"80%\">Blanco (White) de 3 capas<\/td>\n<\/tr>\n<tr>\n<td width=\"20%\">Perillas de control:<\/td>\n<td width=\"80%\">Pl\u00e1stico blanco<\/td>\n<\/tr>\n<\/tbody>\n<\/table>\n<\/div>\n<\/div>\n<hr \/>\n<div class=\"row-fluid\">\n<div id=\"spec_category_image_miscellaneous\" class=\"spec_category_image span3 text-center\">\n<h3>Varios<\/h3>\n<\/div>\n<div id=\"spec_category_table_miscellaneous\" class=\"spec_category_table span9 text-left\">\n<table class=\"table table-striped\" style=\"width: 100%;\">\n<tbody>\n<tr>\n<td width=\"20%\">Cuerdas:<\/td>\n<td width=\"80%\">Nickel Plated Steel (Calibres .009-.042)<\/td>\n<\/tr>\n<\/tbody>\n<\/table>\n<\/div>\n<\/div>\n","protected":false},"excerpt":{"rendered":"<p style=\"text-align: justify;\">La Squier Stratocaster Affinity cuenta con nuevos acabados llamativos y un gran atractivo visual. Con un cuerpo de aliso contorneado, m\u00e1stil atornillado de arce con diapas\u00f3n de laurel indio y paleta al estilo de los a\u00f1os 60, tres c\u00e1psulas simples y un sistema de tr\u00e9molo est\u00e1ndar. Todo el ambiente de la \u00e9poca a una fracci\u00f3n del precio real.<\/p>\n","protected":false},"featured_media":37257,"comment_status":"open","ping_status":"closed","template":"","meta":[],"product_brand":[],"product_cat":[202,523,124,160],"product_tag":[],"class_list":{"0":"post-13932","1":"product","2":"type-product","3":"status-publish","4":"has-post-thumbnail","6":"product_cat-squier-guitarras","7":"product_cat-squier-stratocaster","8":"product_cat-guitarras-electricas","9":"product_cat-ofertas-2","11":"first","12":"instock","13":"sale","14":"shipping-taxable","15":"purchasable","16":"product-type-simple"},"_links":{"self":[{"href":"https:\/\/caralmusic.cl\/caral\/wp-json\/wp\/v2\/product\/13932","targetHints":{"allow":["GET"]}}],"collection":[{"href":"https:\/\/caralmusic.cl\/caral\/wp-json\/wp\/v2\/product"}],"about":[{"href":"https:\/\/caralmusic.cl\/caral\/wp-json\/wp\/v2\/types\/product"}],"replies":[{"embeddable":true,"href":"https:\/\/caralmusic.cl\/caral\/wp-json\/wp\/v2\/comments?post=13932"}],"wp:featuredmedia":[{"embeddable":true,"href":"https:\/\/caralmusic.cl\/caral\/wp-json\/wp\/v2\/media\/37257"}],"wp:attachment":[{"href":"https:\/\/caralmusic.cl\/caral\/wp-json\/wp\/v2\/media?parent=13932"}],"wp:term":[{"taxonomy":"product_brand","embeddable":true,"href":"https:\/\/caralmusic.cl\/caral\/wp-json\/wp\/v2\/product_brand?post=13932"},{"taxonomy":"product_cat","embeddable":true,"href":"https:\/\/caralmusic.cl\/caral\/wp-json\/wp\/v2\/product_cat?post=13932"},{"taxonomy":"product_tag","embeddable":true,"href":"https:\/\/caralmusic.cl\/caral\/wp-json\/wp\/v2\/product_tag?post=13932"}],"curies":[{"name":"wp","href":"https:\/\/api.w.org\/{rel}","templated":true}]}}