{"id":13947,"date":"2025-11-01T21:59:15","date_gmt":"2025-11-01T21:59:15","guid":{"rendered":""},"modified":"2026-01-05T17:56:04","modified_gmt":"2026-01-05T17:56:04","slug":"squier-stratocaster-60s-classic-vibe-3","status":"publish","type":"product","link":"https:\/\/caralmusic.cl\/caral\/product\/squier-stratocaster-60s-classic-vibe-3\/","title":{"rendered":"Squier Stratocaster\u00ae 60s Classic Vibe"},"content":{"rendered":"<div class=\"row-fluid\">\n<div id=\"spec_category_image_general\" class=\"spec_category_image span3 text-center\">\n<h3>General<\/h3>\n<\/div>\n<div id=\"spec_category_table_general\" class=\"spec_category_table span9 text-left\">\n<table class=\"table table-striped\" style=\"width: 100%;\">\n<tbody>\n<tr>\n<td width=\"20%\">Model Name:<\/td>\n<td width=\"80%\">Classic Vibe Stratocaster\u00ae &#8217;60s, Indian Laurel Fingerboard, 3-Color Sunburst<\/td>\n<\/tr>\n<tr>\n<td width=\"20%\">N\u00famero modelo:<\/td>\n<td width=\"80%\">0374010500<\/td>\n<\/tr>\n<tr>\n<td width=\"20%\">Serie:<\/td>\n<td width=\"80%\">Classic Vibe<\/td>\n<\/tr>\n<tr>\n<td width=\"20%\">Color:<\/td>\n<td width=\"80%\">3-Color Sunburst<\/td>\n<\/tr>\n<\/tbody>\n<\/table>\n<\/div>\n<\/div>\n<hr \/>\n<div class=\"row-fluid\">\n<div id=\"spec_category_image_body\" class=\"spec_category_image span3 text-center\">\n<h3>Cuerpo<\/h3>\n<\/div>\n<div id=\"spec_category_table_body\" class=\"spec_category_table span9 text-left\">\n<table class=\"table table-striped\" style=\"width: 100%;\">\n<tbody>\n<tr>\n<td width=\"20%\">Forma del cuerpo:<\/td>\n<td width=\"80%\">Stratocaster\u00ae<\/td>\n<\/tr>\n<tr>\n<td width=\"20%\">Material del cuerpo:<\/td>\n<td width=\"80%\">Nato<\/td>\n<\/tr>\n<tr>\n<td width=\"20%\">Acabado del cuerpo:<\/td>\n<td width=\"80%\">Poliuretano brillante<\/td>\n<\/tr>\n<\/tbody>\n<\/table>\n<\/div>\n<\/div>\n<hr \/>\n<div class=\"row-fluid\">\n<div id=\"spec_category_image_neck\" class=\"spec_category_image span3 text-center\">\n<h3>M\u00e1stil<\/h3>\n<\/div>\n<div id=\"spec_category_table_neck\" class=\"spec_category_table span9 text-left\">\n<table class=\"table table-striped\" style=\"width: 100%;\">\n<tbody>\n<tr>\n<td width=\"20%\">Material m\u00e1stil:<\/td>\n<td width=\"80%\">Arce (Maple)<\/td>\n<\/tr>\n<tr>\n<td width=\"20%\">Forma m\u00e1stil:<\/td>\n<td width=\"80%\">&#8220;C&#8221;<\/td>\n<\/tr>\n<tr>\n<td width=\"20%\">Longitud escala:<\/td>\n<td width=\"80%\">25.5&#8243; (648 mm)<\/td>\n<\/tr>\n<tr>\n<td width=\"20%\">Radio diapas\u00f3n:<\/td>\n<td width=\"80%\">9.5&#8243; (241 mm)<\/td>\n<\/tr>\n<tr>\n<td width=\"20%\">N\u00famero de trastes:<\/td>\n<td width=\"80%\">21<\/td>\n<\/tr>\n<tr>\n<td width=\"20%\">Tama\u00f1o trastes:<\/td>\n<td width=\"80%\">Altos estrechos<\/td>\n<\/tr>\n<tr>\n<td width=\"20%\">Cejilla cuerdas:<\/td>\n<td width=\"80%\">Hueso sint\u00e9tico<\/td>\n<\/tr>\n<tr>\n<td width=\"20%\">Ancho cejilla:<\/td>\n<td width=\"80%\">1.650&#8243; (42 mm)<\/td>\n<\/tr>\n<tr>\n<td width=\"20%\">Placa m\u00e1stil:<\/td>\n<td width=\"80%\">Est\u00e1ndar de 4 tornillos con logo grabado<\/td>\n<\/tr>\n<tr>\n<td width=\"20%\">Acabado m\u00e1stil:<\/td>\n<td width=\"80%\">Uretano brillante tintado<\/td>\n<\/tr>\n<tr>\n<td width=\"20%\">Diapas\u00f3n:<\/td>\n<td width=\"80%\">Laurel Indio (Indian Laurel)<\/td>\n<\/tr>\n<tr>\n<td width=\"20%\">Puntos de posici\u00f3n:<\/td>\n<td width=\"80%\">Puntos blancos<\/td>\n<\/tr>\n<\/tbody>\n<\/table>\n<\/div>\n<\/div>\n<hr \/>\n<div class=\"row-fluid\">\n<div id=\"spec_category_image_electronics\" class=\"spec_category_image span3 text-center\">\n<h3>Electr\u00f3nica<\/h3>\n<\/div>\n<div id=\"spec_category_table_electronics\" class=\"spec_category_table span9 text-left\">\n<table class=\"table table-striped\" style=\"width: 100%;\">\n<tbody>\n<tr>\n<td width=\"20%\">C\u00e1psula puente:<\/td>\n<td width=\"80%\">Strat alnico de bobina simple dise\u00f1ada por Fender\u00ae<\/td>\n<\/tr>\n<tr>\n<td width=\"20%\">C\u00e1psula central:<\/td>\n<td width=\"80%\">Strat alnico de bobina simple dise\u00f1ada por Fender\u00ae<\/td>\n<\/tr>\n<tr>\n<td width=\"20%\">C\u00e1psula m\u00e1stil:<\/td>\n<td width=\"80%\">Strat alnico de bobina simple dise\u00f1ada por Fender\u00ae<\/td>\n<\/tr>\n<tr>\n<td width=\"20%\">Controles:<\/td>\n<td width=\"80%\">Volumen Master, Tono 1. (C\u00e1psula de m\u00e1stil), Tono 2. (C\u00e1psulas central y puente)<\/td>\n<\/tr>\n<tr>\n<td width=\"20%\">Selector c\u00e1psulas:<\/td>\n<td width=\"80%\">Interruptor de 5 posiciones: Posici\u00f3n 1. C\u00e1psula de puente, Posici\u00f3n 2. C\u00e1psulas de puente y central, Posici\u00f3n 3. C\u00e1psula central, Posici\u00f3n 4. C\u00e1psulas central y de m\u00e1stil, Posici\u00f3n 5. C\u00e1psula de m\u00e1stil<\/td>\n<\/tr>\n<tr>\n<td width=\"20%\">Configuraci\u00f3n c\u00e1psulas:<\/td>\n<td width=\"80%\">SSS<\/td>\n<\/tr>\n<\/tbody>\n<\/table>\n<\/div>\n<\/div>\n<hr \/>\n<div class=\"row-fluid\">\n<div id=\"spec_category_image_hardware\" class=\"spec_category_image span3 text-center\">\n<h3>Hardware<\/h3>\n<\/div>\n<div id=\"spec_category_table_hardware\" class=\"spec_category_table span9 text-left\">\n<table class=\"table table-striped\" style=\"width: 100%;\">\n<tbody>\n<tr>\n<td width=\"20%\">Puente:<\/td>\n<td width=\"80%\">Tr\u00e9molo sincronizado estilo vintage con 6 carros individuales<\/td>\n<\/tr>\n<tr>\n<td width=\"20%\">Clavijeros:<\/td>\n<td width=\"80%\">Estilo vintage<\/td>\n<\/tr>\n<tr>\n<td width=\"20%\">Orientaci\u00f3n:<\/td>\n<td width=\"80%\">Diestra<\/td>\n<\/tr>\n<tr>\n<td width=\"20%\">Pickguard:<\/td>\n<td width=\"80%\">Pergamino (Parchment) de 3 capas<\/td>\n<\/tr>\n<tr>\n<td width=\"20%\">Perillas de control:<\/td>\n<td width=\"80%\">Pl\u00e1stico blanco envejecido<\/td>\n<\/tr>\n<\/tbody>\n<\/table>\n<\/div>\n<\/div>\n<hr \/>\n<div class=\"row-fluid\">\n<div id=\"spec_category_image_miscellaneous\" class=\"spec_category_image span3 text-center\">\n<h3>Varios<\/h3>\n<\/div>\n<div id=\"spec_category_table_miscellaneous\" class=\"spec_category_table span9 text-left\">\n<table class=\"table table-striped\" style=\"width: 100%;\">\n<tbody>\n<tr>\n<td width=\"20%\">Cuerdas:<\/td>\n<td width=\"80%\">Nickel Plated Steel (Calibres .009-.042)<\/td>\n<\/tr>\n<\/tbody>\n<\/table>\n<\/div>\n<\/div>\n","protected":false},"excerpt":{"rendered":"<p style=\"text-align: justify;\">Un tributo a la evoluci\u00f3n de la Strat\u00ae en los 1960s, la Stratocaster \u201860s Classic Vibe crea un tono incre\u00edble cortes\u00eda de un tr\u00edo de pastillas de una sola bobina alnico dise\u00f1adas por Fender.\u00a0Las caracter\u00edsticas amigables para el guitarrista incluyen un perfil de m\u00e1stil en forma de &#8220;C&#8221; delgada y c\u00f3moda con un diapas\u00f3n de radio f\u00e1cil de tocar de 9.5&#8243; y trastes altos estrechos, as\u00ed como un sistema de tr\u00e9molo estilo vintage. Esta reedici\u00f3n del modelo Squier tambi\u00e9n presenta gr\u00e1ficas en la pala inspiradas en la d\u00e9cada de 1960, hardware niquelado y un elegante acabado brillante tintado en el m\u00e1stil para una vibra de la vieja escuela.<\/p>\n","protected":false},"featured_media":37370,"comment_status":"open","ping_status":"closed","template":"","meta":[],"product_brand":[],"product_cat":[161,202,523,124,78],"product_tag":[],"class_list":{"0":"post-13947","1":"product","2":"type-product","3":"status-publish","4":"has-post-thumbnail","6":"product_cat-ofertas-1","7":"product_cat-squier-guitarras","8":"product_cat-squier-stratocaster","9":"product_cat-guitarras-electricas","10":"product_cat-classic-vibe","12":"first","13":"outofstock","14":"sale","15":"shipping-taxable","16":"purchasable","17":"product-type-simple"},"_links":{"self":[{"href":"https:\/\/caralmusic.cl\/caral\/wp-json\/wp\/v2\/product\/13947","targetHints":{"allow":["GET"]}}],"collection":[{"href":"https:\/\/caralmusic.cl\/caral\/wp-json\/wp\/v2\/product"}],"about":[{"href":"https:\/\/caralmusic.cl\/caral\/wp-json\/wp\/v2\/types\/product"}],"replies":[{"embeddable":true,"href":"https:\/\/caralmusic.cl\/caral\/wp-json\/wp\/v2\/comments?post=13947"}],"wp:featuredmedia":[{"embeddable":true,"href":"https:\/\/caralmusic.cl\/caral\/wp-json\/wp\/v2\/media\/37370"}],"wp:attachment":[{"href":"https:\/\/caralmusic.cl\/caral\/wp-json\/wp\/v2\/media?parent=13947"}],"wp:term":[{"taxonomy":"product_brand","embeddable":true,"href":"https:\/\/caralmusic.cl\/caral\/wp-json\/wp\/v2\/product_brand?post=13947"},{"taxonomy":"product_cat","embeddable":true,"href":"https:\/\/caralmusic.cl\/caral\/wp-json\/wp\/v2\/product_cat?post=13947"},{"taxonomy":"product_tag","embeddable":true,"href":"https:\/\/caralmusic.cl\/caral\/wp-json\/wp\/v2\/product_tag?post=13947"}],"curies":[{"name":"wp","href":"https:\/\/api.w.org\/{rel}","templated":true}]}}