{"id":14461,"date":"2025-10-31T19:05:39","date_gmt":"2025-10-31T19:05:39","guid":{"rendered":""},"modified":"2026-04-17T17:52:53","modified_gmt":"2026-04-17T17:52:53","slug":"jackson-dinky-js11-4","status":"publish","type":"product","link":"https:\/\/caralmusic.cl\/caral\/product\/jackson-dinky-js11-4\/","title":{"rendered":"Jackson Dinky\u2122 JS11"},"content":{"rendered":"<h3>GENERAL<\/h3>\n<div class=\"row-fluid\">\n<div id=\"spec_category_table_general\" class=\"spec_category_table span12 text-left\">\n<table class=\"table table-striped\" style=\"width: 100%;\">\n<tbody>\n<tr>\n<td width=\"20%\">Model Name:<\/td>\n<td width=\"80%\">JS11 Dinky\u2122, Amaranth Fingerboard, Gloss Black<\/td>\n<\/tr>\n<tr>\n<td width=\"20%\">Model Number:<\/td>\n<td width=\"80%\">2910121503<\/td>\n<\/tr>\n<tr>\n<td width=\"20%\">Series:<\/td>\n<td width=\"80%\">JS<\/td>\n<\/tr>\n<tr>\n<td width=\"20%\">Color:<\/td>\n<td width=\"80%\">Gloss Black<\/td>\n<\/tr>\n<\/tbody>\n<\/table>\n<\/div>\n<\/div>\n<hr \/>\n<h3>BODY<\/h3>\n<div class=\"row-fluid\">\n<div id=\"spec_category_table_body\" class=\"spec_category_table span12 text-left\">\n<table class=\"table table-striped\" style=\"width: 100%;\">\n<tbody>\n<tr>\n<td width=\"20%\">Body Material:<\/td>\n<td width=\"80%\">\u00c1lamo (Poplar)<\/td>\n<\/tr>\n<tr>\n<td width=\"20%\">Body Finish:<\/td>\n<td width=\"80%\">Gloss Polyurethane<\/td>\n<\/tr>\n<tr>\n<td width=\"20%\">Body Shape:<\/td>\n<td width=\"80%\">Dinky\u2122<\/td>\n<\/tr>\n<\/tbody>\n<\/table>\n<\/div>\n<\/div>\n<hr \/>\n<h3>NECK<\/h3>\n<div class=\"row-fluid\">\n<div id=\"spec_category_table_neck\" class=\"spec_category_table span12 text-left\">\n<table class=\"table table-striped\" style=\"width: 100%;\">\n<tbody>\n<tr>\n<td width=\"20%\">Neck Material:<\/td>\n<td width=\"80%\">1-Piece Bolt-On Maple with Graphite Reinforcement and Scarf Joint<\/td>\n<\/tr>\n<tr>\n<td width=\"20%\">Neck Finish:<\/td>\n<td width=\"80%\">Satin<\/td>\n<\/tr>\n<tr>\n<td width=\"20%\">Neck Shape:<\/td>\n<td width=\"80%\">3rd Fret: .755&#8243;, 12th Fret: .815&#8243;<\/td>\n<\/tr>\n<tr>\n<td width=\"20%\">Scale Length:<\/td>\n<td width=\"80%\">25.5&#8243; (648 mm)<\/td>\n<\/tr>\n<tr>\n<td width=\"20%\">Fingerboard:<\/td>\n<td width=\"80%\">Amaranto (Amaranth)<\/td>\n<\/tr>\n<tr>\n<td width=\"20%\">Fingerboard Radius:<\/td>\n<td width=\"80%\">12&#8243; (305 mm)<\/td>\n<\/tr>\n<tr>\n<td width=\"20%\">Number of Frets:<\/td>\n<td width=\"80%\">22<\/td>\n<\/tr>\n<tr>\n<td width=\"20%\">Fret Size:<\/td>\n<td width=\"80%\">Jumbo<\/td>\n<\/tr>\n<tr>\n<td width=\"20%\">Nut Width:<\/td>\n<td width=\"80%\">1.6875&#8243; (42.8 mm)<\/td>\n<\/tr>\n<tr>\n<td width=\"20%\">Position Inlays:<\/td>\n<td width=\"80%\">Pearloid Dot<\/td>\n<\/tr>\n<tr>\n<td width=\"20%\">Headstock:<\/td>\n<td width=\"80%\">Jackson\u00ae Pointed 6-In-Line<\/td>\n<\/tr>\n<tr>\n<td width=\"20%\">Neck Plate:<\/td>\n<td width=\"80%\">Jackson\u00ae<\/td>\n<\/tr>\n<\/tbody>\n<\/table>\n<\/div>\n<\/div>\n<hr \/>\n<h3>ELECTRONICS<\/h3>\n<div class=\"row-fluid\">\n<div id=\"spec_category_table_electronics\" class=\"spec_category_table span12 text-left\">\n<table class=\"table table-striped\" style=\"width: 100%;\">\n<tbody>\n<tr>\n<td width=\"20%\">Bridge Pickup:<\/td>\n<td width=\"80%\">Jackson\u00ae High Output Humbucking<\/td>\n<\/tr>\n<tr>\n<td width=\"20%\">Neck Pickup:<\/td>\n<td width=\"80%\">Jackson\u00ae High Output Humbucking<\/td>\n<\/tr>\n<tr>\n<td width=\"20%\">Pickup Switching:<\/td>\n<td width=\"80%\">3-Position Blade: Position 1. Bridge Pickup, Position 2. Bridge and Neck Pickups, Position 3. Neck Pickup<\/td>\n<\/tr>\n<tr>\n<td width=\"20%\">Pickup Configuration:<\/td>\n<td width=\"80%\">HH<\/td>\n<\/tr>\n<\/tbody>\n<\/table>\n<\/div>\n<\/div>\n<hr \/>\n<h3>HARDWARE<\/h3>\n<div class=\"row-fluid\">\n<div id=\"spec_category_table_hardware\" class=\"spec_category_table span12 text-left\">\n<table class=\"table table-striped\" style=\"width: 100%;\">\n<tbody>\n<tr>\n<td width=\"20%\">Bridge:<\/td>\n<td width=\"80%\">2-Point Fulcrum Tremolo<\/td>\n<\/tr>\n<tr>\n<td width=\"20%\">Hardware Finish:<\/td>\n<td width=\"80%\">Black<\/td>\n<\/tr>\n<tr>\n<td width=\"20%\">Tuning Machines:<\/td>\n<td width=\"80%\">Jackson\u00ae Sealed Die-Cast<\/td>\n<\/tr>\n<\/tbody>\n<\/table>\n<\/div>\n<\/div>\n<hr \/>\n<h3>MISCELLANEOUS<\/h3>\n<div class=\"row-fluid\">\n<div id=\"spec_category_table_miscellaneous\" class=\"spec_category_table span12 text-left\">\n<table class=\"table table-striped\" style=\"width: 100%;\">\n<tbody>\n<tr>\n<td width=\"20%\">Strings:<\/td>\n<td width=\"80%\">NPS, .009-.042 Gauges<\/td>\n<\/tr>\n<\/tbody>\n<\/table>\n<\/div>\n<\/div>\n","protected":false},"excerpt":{"rendered":"<p style=\"text-align: justify;\">R\u00e1pida, mortal y asequible. La Jackson Dinky JS11 tiene un cuerpo de \u00e1lamo (poplar), m\u00e1stil de arce (maple) con refuerzo de grafito, y diapas\u00f3n de amaranto (amaranth) con radio de 12&#8243; y 22 trastes jumbo e incrustaciones de punto blanco. Otras caracter\u00edsticas incluyen dos c\u00e1psulas humbucker Jackson de alta potencia con imanes de cer\u00e1mica y selector de tres posiciones, puente con tr\u00e9molo sincronizado, hardware negro y clavijeros de fundici\u00f3n.<\/p>\n","protected":false},"featured_media":37300,"comment_status":"open","ping_status":"closed","template":"","meta":[],"product_brand":[],"product_cat":[530,131,96,124,138],"product_tag":[],"class_list":{"0":"post-14461","1":"product","2":"type-product","3":"status-publish","4":"has-post-thumbnail","6":"product_cat-ofertas-4","7":"product_cat-jackson-guitarras","8":"product_cat-dinky-jackson","9":"product_cat-guitarras-electricas","10":"product_cat-js-series","12":"first","13":"instock","14":"sale","15":"shipping-taxable","16":"purchasable","17":"product-type-simple"},"_links":{"self":[{"href":"https:\/\/caralmusic.cl\/caral\/wp-json\/wp\/v2\/product\/14461","targetHints":{"allow":["GET"]}}],"collection":[{"href":"https:\/\/caralmusic.cl\/caral\/wp-json\/wp\/v2\/product"}],"about":[{"href":"https:\/\/caralmusic.cl\/caral\/wp-json\/wp\/v2\/types\/product"}],"replies":[{"embeddable":true,"href":"https:\/\/caralmusic.cl\/caral\/wp-json\/wp\/v2\/comments?post=14461"}],"wp:featuredmedia":[{"embeddable":true,"href":"https:\/\/caralmusic.cl\/caral\/wp-json\/wp\/v2\/media\/37300"}],"wp:attachment":[{"href":"https:\/\/caralmusic.cl\/caral\/wp-json\/wp\/v2\/media?parent=14461"}],"wp:term":[{"taxonomy":"product_brand","embeddable":true,"href":"https:\/\/caralmusic.cl\/caral\/wp-json\/wp\/v2\/product_brand?post=14461"},{"taxonomy":"product_cat","embeddable":true,"href":"https:\/\/caralmusic.cl\/caral\/wp-json\/wp\/v2\/product_cat?post=14461"},{"taxonomy":"product_tag","embeddable":true,"href":"https:\/\/caralmusic.cl\/caral\/wp-json\/wp\/v2\/product_tag?post=14461"}],"curies":[{"name":"wp","href":"https:\/\/api.w.org\/{rel}","templated":true}]}}