{"id":15363,"date":"2025-10-30T19:27:52","date_gmt":"2025-10-30T19:27:52","guid":{"rendered":""},"modified":"2026-04-10T21:55:19","modified_gmt":"2026-04-10T21:55:19","slug":"squier-telecaster-deluxe-70s-classic-vibe-2","status":"publish","type":"product","link":"https:\/\/caralmusic.cl\/caral\/product\/squier-telecaster-deluxe-70s-classic-vibe-2\/","title":{"rendered":"Squier Telecaster\u00ae Deluxe 70s Classic Vibe"},"content":{"rendered":"<div class=\"row-fluid\">\n<div id=\"spec_category_image_general\" class=\"spec_category_image span3 text-center\">\n<h3>General<\/h3>\n<\/div>\n<div id=\"spec_category_table_general\" class=\"spec_category_table span9 text-left\">\n<table class=\"table table-striped\" style=\"width: 100%;\">\n<tbody>\n<tr>\n<td width=\"20%\">Model Name:<\/td>\n<td width=\"80%\">Classic Vibe &#8217;70s Telecaster\u00ae Deluxe, Maple Fingerboard, Olympic White<\/td>\n<\/tr>\n<tr>\n<td width=\"20%\">Model Number:<\/td>\n<td width=\"80%\">0374060505<\/td>\n<\/tr>\n<tr>\n<td width=\"20%\">Series:<\/td>\n<td width=\"80%\">Classic Vibe<\/td>\n<\/tr>\n<tr>\n<td width=\"20%\">Color:<\/td>\n<td width=\"80%\">Olympic White<\/td>\n<\/tr>\n<\/tbody>\n<\/table>\n<\/div>\n<\/div>\n<hr \/>\n<div class=\"row-fluid\">\n<div id=\"spec_category_image_body\" class=\"spec_category_image span3 text-center\">\n<h3>Cuerpo<\/h3>\n<\/div>\n<div id=\"spec_category_table_body\" class=\"spec_category_table span9 text-left\">\n<table class=\"table table-striped\" style=\"width: 100%;\">\n<tbody>\n<tr>\n<td width=\"20%\">Material del Cuerpo:<\/td>\n<td width=\"80%\">\u00c1lamo (Poplar)<\/td>\n<\/tr>\n<tr>\n<td width=\"20%\">Acabado del Cuerpo:<\/td>\n<td width=\"80%\">Poli\u00e9ster brillante<\/td>\n<\/tr>\n<tr>\n<td width=\"20%\">Forma de Cuerpo:<\/td>\n<td width=\"80%\">Telecaster\u00ae<\/td>\n<\/tr>\n<\/tbody>\n<\/table>\n<\/div>\n<\/div>\n<hr \/>\n<div class=\"row-fluid\">\n<div id=\"spec_category_image_neck\" class=\"spec_category_image span3 text-center\">\n<h3>M\u00e1stil<\/h3>\n<\/div>\n<div id=\"spec_category_table_neck\" class=\"spec_category_table span9 text-left\">\n<table class=\"table table-striped\" style=\"width: 100%;\">\n<tbody>\n<tr>\n<td width=\"20%\">Material de M\u00e1stil:<\/td>\n<td width=\"80%\">Arce (Maple)<\/td>\n<\/tr>\n<tr>\n<td width=\"20%\">Acabado de M\u00e1stil:<\/td>\n<td width=\"80%\">Uretano brillante con tinte<\/td>\n<\/tr>\n<tr>\n<td width=\"20%\">Forma de M\u00e1stil:<\/td>\n<td width=\"80%\">Forma C<\/td>\n<\/tr>\n<tr>\n<td width=\"20%\">Longitud de Escala:<\/td>\n<td width=\"80%\">25.5&#8243; (64.8 cm)<\/td>\n<\/tr>\n<tr>\n<td width=\"20%\">Diapas\u00f3n:<\/td>\n<td width=\"80%\">Arce (Maple)<\/td>\n<\/tr>\n<tr>\n<td width=\"20%\">Radio del Diapas\u00f3n:<\/td>\n<td width=\"80%\">9.5&#8243; (241 mm)<\/td>\n<\/tr>\n<tr>\n<td width=\"20%\">N\u00famero de Trastes:<\/td>\n<td width=\"80%\">21<\/td>\n<\/tr>\n<tr>\n<td width=\"20%\">Tama\u00f1o de Trastes:<\/td>\n<td width=\"80%\">Altos angostos<\/td>\n<\/tr>\n<tr>\n<td width=\"20%\">Cejilla:<\/td>\n<td width=\"80%\">Hueso sint\u00e9tico<\/td>\n<\/tr>\n<tr>\n<td width=\"20%\">Ancho de Cejilla:<\/td>\n<td width=\"80%\">1.650\u201d (42 mm)<\/td>\n<\/tr>\n<tr>\n<td width=\"20%\">Insertos de Posici\u00f3n:<\/td>\n<td width=\"80%\">Puntos negros<\/td>\n<\/tr>\n<tr>\n<td width=\"20%\">Llave para Ajuste del Alma:<\/td>\n<td width=\"80%\">Ajuste en cabeza<\/td>\n<\/tr>\n<tr>\n<td width=\"20%\">Placa Ensamble:<\/td>\n<td width=\"80%\">Squier de 4 tornillos<\/td>\n<\/tr>\n<\/tbody>\n<\/table>\n<\/div>\n<\/div>\n<hr \/>\n<div class=\"row-fluid\">\n<div id=\"spec_category_image_electronics\" class=\"spec_category_image span3 text-center\">\n<h3>Electr\u00f3nica<\/h3>\n<\/div>\n<div id=\"spec_category_table_electronics\" class=\"spec_category_table span9 text-left\">\n<table class=\"table table-striped\" style=\"width: 100%;\">\n<tbody>\n<tr>\n<td width=\"20%\">C\u00e1psula de Puente:<\/td>\n<td width=\"80%\">C\u00e1psula de bobina doble Fender &#8220;Wide Range&#8221;<\/td>\n<\/tr>\n<tr>\n<td width=\"20%\">C\u00e1psula de M\u00e1stil:<\/td>\n<td width=\"80%\">C\u00e1psula de bobina doble Fender &#8220;Wide Range&#8221;<\/td>\n<\/tr>\n<tr>\n<td width=\"20%\">Controles:<\/td>\n<td width=\"80%\">Volumen 1. (C\u00e1psula del m\u00e1stil), Volumen 2. (C\u00e1psula del puente), Tono 1. (C\u00e1psula del m\u00e1stil), Tono 2. (C\u00e1psula del puente)<\/td>\n<\/tr>\n<tr>\n<td width=\"20%\">Selector de C\u00e1psulas:<\/td>\n<td width=\"80%\">Interruptor de 3 posiciones: Posici\u00f3n 1. C\u00e1psula de Puente, Posici\u00f3n 2. C\u00e1psulas de Puente y M\u00e1stil, Posici\u00f3n 3. C\u00e1psula de M\u00e1stil<\/td>\n<\/tr>\n<tr>\n<td width=\"20%\">Configuraci\u00f3n de C\u00e1psulas:<\/td>\n<td width=\"80%\">H\/H<\/td>\n<\/tr>\n<\/tbody>\n<\/table>\n<\/div>\n<\/div>\n<hr \/>\n<div class=\"row-fluid\">\n<div id=\"spec_category_image_hardware\" class=\"spec_category_image span3 text-center\">\n<h3>Hardware<\/h3>\n<\/div>\n<div id=\"spec_category_table_hardware\" class=\"spec_category_table span9 text-left\">\n<table class=\"table table-striped\" style=\"width: 100%;\">\n<tbody>\n<tr>\n<td width=\"20%\">Puente:<\/td>\n<td width=\"80%\">Puente Telecaster estilo vintage de 3 selletas con las cuerdas a trav\u00e9s del cuerpo<\/td>\n<\/tr>\n<tr>\n<td width=\"20%\">Acabado de Hardware:<\/td>\n<td width=\"80%\">Cromo<\/td>\n<\/tr>\n<tr>\n<td width=\"20%\">Clavijeros:<\/td>\n<td width=\"80%\">Estilo vintage<\/td>\n<\/tr>\n<tr>\n<td width=\"20%\">Golpeador:<\/td>\n<td width=\"80%\">Negro de 3 capas<\/td>\n<\/tr>\n<tr>\n<td width=\"20%\">Perillas de Control:<\/td>\n<td width=\"80%\">Perillas negras con reborde numerado<\/td>\n<\/tr>\n<tr>\n<td width=\"20%\">Punta de Selector:<\/td>\n<td width=\"80%\">Punta del selector en negro<\/td>\n<\/tr>\n<\/tbody>\n<\/table>\n<\/div>\n<\/div>\n<hr \/>\n<div class=\"row-fluid\">\n<div id=\"spec_category_image_miscellaneous\" class=\"spec_category_image span3 text-center\">\n<h3>Varios<\/h3>\n<\/div>\n<div id=\"spec_category_table_miscellaneous\" class=\"spec_category_table span9 text-left\">\n<table class=\"table table-striped\" style=\"width: 100%;\">\n<tbody>\n<tr>\n<td width=\"20%\">Cuerdas:<\/td>\n<td width=\"80%\">NPS, Calibres: .009-.042<\/td>\n<\/tr>\n<tr>\n<td width=\"20%\">Caracter\u00edsticas:<\/td>\n<td width=\"80%\">C\u00e1psulas dise\u00f1adas por Fender, placa de ensamble grabada, perillas pl\u00e1sticas con reborde numerado, pala estilo Stratocaster a\u00f1os &#8217;70.<\/td>\n<\/tr>\n<\/tbody>\n<\/table>\n<\/div>\n<\/div>\n","protected":false},"excerpt":{"rendered":"<p style=\"text-align: justify;\">La Telecaster\u00ae Deluxe &#8217;70s Classic Vibe es un fiel gui\u00f1o a la evoluci\u00f3n de las Tele\u00ae de los a\u00f1os 70, creando un tono incre\u00edble por cortes\u00eda de las c\u00e1psulas humbucker Wide Range dise\u00f1adas por Fender. Las caracter\u00edsticas amigables para el guitarrista incluyen un perfil de m\u00e1stil c\u00f3modo en forma de &#8220;C&#8221; delgada y un diapas\u00f3n de radio f\u00e1cil de tocar de 9.5&#8243; y trastes altos y angostos, as\u00ed como un puente Telecaster de estilo vintage con cuerdas a trav\u00e9s del cuerpo con selletas de barril para una s\u00f3lida estabilidad de las cuerdas. Este modelo Squier tambi\u00e9n presenta gr\u00e1fica en la pala inspirada en la d\u00e9cada de 1970, herrajes niquelados de aspecto \u00fanico y un elegante acabado brillante de tinte vintage del m\u00e1stil para una vibra de vieja escuela.<\/p>\n","protected":false},"featured_media":37840,"comment_status":"open","ping_status":"closed","template":"","meta":[],"product_brand":[],"product_cat":[161,202,524,124,78],"product_tag":[],"class_list":{"0":"post-15363","1":"product","2":"type-product","3":"status-publish","4":"has-post-thumbnail","6":"product_cat-ofertas-1","7":"product_cat-squier-guitarras","8":"product_cat-squier-telecaster","9":"product_cat-guitarras-electricas","10":"product_cat-classic-vibe","12":"first","13":"outofstock","14":"sale","15":"shipping-taxable","16":"purchasable","17":"product-type-simple"},"_links":{"self":[{"href":"https:\/\/caralmusic.cl\/caral\/wp-json\/wp\/v2\/product\/15363","targetHints":{"allow":["GET"]}}],"collection":[{"href":"https:\/\/caralmusic.cl\/caral\/wp-json\/wp\/v2\/product"}],"about":[{"href":"https:\/\/caralmusic.cl\/caral\/wp-json\/wp\/v2\/types\/product"}],"replies":[{"embeddable":true,"href":"https:\/\/caralmusic.cl\/caral\/wp-json\/wp\/v2\/comments?post=15363"}],"wp:featuredmedia":[{"embeddable":true,"href":"https:\/\/caralmusic.cl\/caral\/wp-json\/wp\/v2\/media\/37840"}],"wp:attachment":[{"href":"https:\/\/caralmusic.cl\/caral\/wp-json\/wp\/v2\/media?parent=15363"}],"wp:term":[{"taxonomy":"product_brand","embeddable":true,"href":"https:\/\/caralmusic.cl\/caral\/wp-json\/wp\/v2\/product_brand?post=15363"},{"taxonomy":"product_cat","embeddable":true,"href":"https:\/\/caralmusic.cl\/caral\/wp-json\/wp\/v2\/product_cat?post=15363"},{"taxonomy":"product_tag","embeddable":true,"href":"https:\/\/caralmusic.cl\/caral\/wp-json\/wp\/v2\/product_tag?post=15363"}],"curies":[{"name":"wp","href":"https:\/\/api.w.org\/{rel}","templated":true}]}}