{"id":15366,"date":"2025-10-30T19:26:25","date_gmt":"2025-10-30T19:26:25","guid":{"rendered":""},"modified":"2026-04-22T19:46:08","modified_gmt":"2026-04-22T19:46:08","slug":"squier-jazzmaster-60s-classic-vibe-3","status":"publish","type":"product","link":"https:\/\/caralmusic.cl\/caral\/product\/squier-jazzmaster-60s-classic-vibe-3\/","title":{"rendered":"Squier Jazzmaster\u00ae 60s Classic Vibe"},"content":{"rendered":"<div class=\"row-fluid\">\n<h3 id=\"spec_category_image_general\" class=\"spec_category_image span3 text-center\">General<\/h3>\n<div id=\"spec_category_table_general\" class=\"spec_category_table span9 text-left\">\n<table class=\"table table-striped\" style=\"width: 100%;\">\n<tbody>\n<tr>\n<td width=\"20%\">Nombre Modelo:<\/td>\n<td width=\"80%\">Classic Vibe &#8217;60s Jazzmaster\u00ae, Indian Laurel Fingerboard, 3-Color Sunburst<\/td>\n<\/tr>\n<tr>\n<td width=\"20%\">N\u00famero Modelo:<\/td>\n<td width=\"80%\">0374083500<\/td>\n<\/tr>\n<tr>\n<td width=\"20%\">Serie:<\/td>\n<td width=\"80%\">Classic Vibe<\/td>\n<\/tr>\n<tr>\n<td width=\"20%\">Color:<\/td>\n<td width=\"80%\">3-Color Sunburst<\/td>\n<\/tr>\n<\/tbody>\n<\/table>\n<\/div>\n<\/div>\n<hr \/>\n<div class=\"row-fluid\">\n<div id=\"spec_category_image_body\" class=\"spec_category_image span3 text-center\">\n<h3>Cuerpo<\/h3>\n<\/div>\n<div id=\"spec_category_table_body\" class=\"spec_category_table span9 text-left\">\n<table class=\"table table-striped\" style=\"width: 100%;\">\n<tbody>\n<tr>\n<td width=\"20%\">Material del Cuerpo:<\/td>\n<td width=\"80%\">\u00c1lamo (Poplar)<\/td>\n<\/tr>\n<tr>\n<td width=\"20%\">Acabado del Cuerpo:<\/td>\n<td width=\"80%\">Poli\u00e9ster brillante<\/td>\n<\/tr>\n<tr>\n<td width=\"20%\">Forma de Cuerpo:<\/td>\n<td width=\"80%\">Jazzmaster\u00ae<\/td>\n<\/tr>\n<\/tbody>\n<\/table>\n<\/div>\n<\/div>\n<hr \/>\n<div class=\"row-fluid\">\n<div id=\"spec_category_image_neck\" class=\"spec_category_image span3 text-center\">\n<h3>M\u00e1stil<\/h3>\n<\/div>\n<div id=\"spec_category_table_neck\" class=\"spec_category_table span9 text-left\">\n<table class=\"table table-striped\" style=\"width: 100%;\">\n<tbody>\n<tr>\n<td width=\"20%\">Material de M\u00e1stil:<\/td>\n<td width=\"80%\">Arce (Maple)<\/td>\n<\/tr>\n<tr>\n<td width=\"20%\">Acabado de M\u00e1stil:<\/td>\n<td width=\"80%\">Uretano brillante con tinte<\/td>\n<\/tr>\n<tr>\n<td width=\"20%\">Forma de M\u00e1stil:<\/td>\n<td width=\"80%\">Forma C<\/td>\n<\/tr>\n<tr>\n<td width=\"20%\">Longitud de Escala:<\/td>\n<td width=\"80%\">25.5&#8243; (64.8 cm)<\/td>\n<\/tr>\n<tr>\n<td width=\"20%\">Diapas\u00f3n:<\/td>\n<td width=\"80%\">Laurel Indio (Indian Laurel)<\/td>\n<\/tr>\n<tr>\n<td width=\"20%\">Radio del Diapas\u00f3n:<\/td>\n<td width=\"80%\">Radio 9.5&#8243; (241 mm)<\/td>\n<\/tr>\n<tr>\n<td width=\"20%\">N\u00famero de Trastes:<\/td>\n<td width=\"80%\">21<\/td>\n<\/tr>\n<tr>\n<td width=\"20%\">Tama\u00f1o de Trastes:<\/td>\n<td width=\"80%\">Altos angostos<\/td>\n<\/tr>\n<tr>\n<td width=\"20%\">Cejilla:<\/td>\n<td width=\"80%\">Hueso sint\u00e9tico<\/td>\n<\/tr>\n<tr>\n<td width=\"20%\">Ancho de Cejilla:<\/td>\n<td width=\"80%\">1.650\u201d (42 mm)<\/td>\n<\/tr>\n<tr>\n<td width=\"20%\">Insertos de Posici\u00f3n:<\/td>\n<td width=\"80%\">Puntos blancos perlados<\/td>\n<\/tr>\n<tr>\n<td width=\"20%\">Llave para Ajuste del Alma:<\/td>\n<td width=\"80%\">Ajuste en cabeza<\/td>\n<\/tr>\n<tr>\n<td width=\"20%\">Placa Ensamble:<\/td>\n<td width=\"80%\">Squier de 4 tornillos<\/td>\n<\/tr>\n<\/tbody>\n<\/table>\n<\/div>\n<\/div>\n<hr \/>\n<div class=\"row-fluid\">\n<div id=\"spec_category_image_electronics\" class=\"spec_category_image span3 text-center\">\n<h3>Electr\u00f3nica<\/h3>\n<\/div>\n<div id=\"spec_category_table_electronics\" class=\"spec_category_table span9 text-left\">\n<table class=\"table table-striped\" style=\"width: 100%;\">\n<tbody>\n<tr>\n<td width=\"20%\">C\u00e1psula de Puente:<\/td>\n<td width=\"80%\">C\u00e1psula alnico de bobina simple dise\u00f1ada por Fender<\/td>\n<\/tr>\n<tr>\n<td width=\"20%\">C\u00e1psula de M\u00e1stil:<\/td>\n<td width=\"80%\">C\u00e1psula alnico de bobina simple dise\u00f1ada por Fender<\/td>\n<\/tr>\n<tr>\n<td width=\"20%\">Controles:<\/td>\n<td width=\"80%\">Volumen Master, Tono 1. (c\u00e1psula del m\u00e1stil), Tono 2. (c\u00e1psulas del puente y central)<\/td>\n<\/tr>\n<tr>\n<td width=\"20%\">Selector de C\u00e1psulas:<\/td>\n<td width=\"80%\">Solo c\u00e1psula de m\u00e1stil (circuito Rhythm); solo m\u00e1stil, m\u00e1stil y puente, solo puente (circuito Lead)<\/td>\n<\/tr>\n<tr>\n<td width=\"20%\">Electr\u00f3nica Especial:<\/td>\n<td width=\"80%\">Controles para circuitos Rhythm y Lead<\/td>\n<\/tr>\n<tr>\n<td width=\"20%\">Configuraci\u00f3n de C\u00e1psulas:<\/td>\n<td width=\"80%\">S\/S<\/td>\n<\/tr>\n<\/tbody>\n<\/table>\n<\/div>\n<\/div>\n<hr \/>\n<div class=\"row-fluid\">\n<div id=\"spec_category_image_hardware\" class=\"spec_category_image span3 text-center\">\n<h3>Hardware<\/h3>\n<\/div>\n<div id=\"spec_category_table_hardware\" class=\"spec_category_table span9 text-left\">\n<table class=\"table table-striped\" style=\"width: 100%;\">\n<tbody>\n<tr>\n<td width=\"20%\">Puente:<\/td>\n<td width=\"80%\">Puente estilo vintage con 6 selletas y vibrato flotante sin bloqueo<\/td>\n<\/tr>\n<tr>\n<td width=\"20%\">Acabado de Hardware:<\/td>\n<td width=\"80%\">Cromo<\/td>\n<\/tr>\n<tr>\n<td width=\"20%\">Brazo de Tr\u00e9molo:<\/td>\n<td width=\"80%\">Palanca de tr\u00e9molo tipo vintage<\/td>\n<\/tr>\n<tr>\n<td width=\"20%\">Clavijeros:<\/td>\n<td width=\"80%\">Estilo vintage<\/td>\n<\/tr>\n<tr>\n<td width=\"20%\">Golpeador:<\/td>\n<td width=\"80%\">Carey (Tortoiseshell) de 4 capas<\/td>\n<\/tr>\n<tr>\n<td width=\"20%\">Perillas de Control:<\/td>\n<td width=\"80%\">Perillas en blanco envejecido<\/td>\n<\/tr>\n<tr>\n<td width=\"20%\">Punta de Selector:<\/td>\n<td width=\"80%\">Punta del selector en blanco envejecido<\/td>\n<\/tr>\n<\/tbody>\n<\/table>\n<\/div>\n<\/div>\n<hr \/>\n<div class=\"row-fluid\">\n<div id=\"spec_category_image_miscellaneous\" class=\"spec_category_image span3 text-center\">\n<h3>Varios<\/h3>\n<\/div>\n<div id=\"spec_category_table_miscellaneous\" class=\"spec_category_table span9 text-left\">\n<table class=\"table table-striped\" style=\"width: 100%;\">\n<tbody>\n<tr>\n<td width=\"20%\">Cuerdas:<\/td>\n<td width=\"80%\">NPS, Calibres: .009-.042<\/td>\n<\/tr>\n<tr>\n<td width=\"20%\">Caracter\u00edsticas:<\/td>\n<td width=\"80%\">C\u00e1psulas alnico dise\u00f1adas por Fender, vibrato sin bloqueo, placa de ensamble grabada, perillas pl\u00e1sticas en blanco envejecido, insertos de posici\u00f3n con forma de punto.<\/td>\n<\/tr>\n<tr>\n<td width=\"20%\">Accesorios:<\/td>\n<td width=\"80%\">Llaves hexagonales de ajuste<\/td>\n<\/tr>\n<\/tbody>\n<\/table>\n<\/div>\n<\/div>\n","protected":false},"excerpt":{"rendered":"<p style=\"text-align: justify;\">La Jazzmaster\u00ae &#8217;60s Classic Vibe entrega el look distintivo de las guitarras Fender de los a\u00f1os &#8217;60, con caracter\u00edsticas que incluyen un cuerpo de \u00e1lamo (poplar), m\u00e1stil de arce (maple), diapas\u00f3n de laurel con 9.5\u201d de radio y 21 trastes, marcas de posici\u00f3n con puntos perlados, c\u00e1psulas de bobina simple de alnico dise\u00f1adas por Fender, perillas de control en blanco envejecido, puente estilo vintage con 6 selletas y vibrato flotante sin bloqueo, clavijas cromadas estilo vintage y placa de m\u00e1stil grabada.<\/p>\n","protected":false},"featured_media":37845,"comment_status":"open","ping_status":"closed","template":"","meta":[],"product_brand":[],"product_cat":[161,202,526,124,78],"product_tag":[],"class_list":{"0":"post-15366","1":"product","2":"type-product","3":"status-publish","4":"has-post-thumbnail","6":"product_cat-ofertas-1","7":"product_cat-squier-guitarras","8":"product_cat-squier-jazzmaster","9":"product_cat-guitarras-electricas","10":"product_cat-classic-vibe","12":"first","13":"instock","14":"sale","15":"shipping-taxable","16":"purchasable","17":"product-type-simple"},"_links":{"self":[{"href":"https:\/\/caralmusic.cl\/caral\/wp-json\/wp\/v2\/product\/15366","targetHints":{"allow":["GET"]}}],"collection":[{"href":"https:\/\/caralmusic.cl\/caral\/wp-json\/wp\/v2\/product"}],"about":[{"href":"https:\/\/caralmusic.cl\/caral\/wp-json\/wp\/v2\/types\/product"}],"replies":[{"embeddable":true,"href":"https:\/\/caralmusic.cl\/caral\/wp-json\/wp\/v2\/comments?post=15366"}],"wp:featuredmedia":[{"embeddable":true,"href":"https:\/\/caralmusic.cl\/caral\/wp-json\/wp\/v2\/media\/37845"}],"wp:attachment":[{"href":"https:\/\/caralmusic.cl\/caral\/wp-json\/wp\/v2\/media?parent=15366"}],"wp:term":[{"taxonomy":"product_brand","embeddable":true,"href":"https:\/\/caralmusic.cl\/caral\/wp-json\/wp\/v2\/product_brand?post=15366"},{"taxonomy":"product_cat","embeddable":true,"href":"https:\/\/caralmusic.cl\/caral\/wp-json\/wp\/v2\/product_cat?post=15366"},{"taxonomy":"product_tag","embeddable":true,"href":"https:\/\/caralmusic.cl\/caral\/wp-json\/wp\/v2\/product_tag?post=15366"}],"curies":[{"name":"wp","href":"https:\/\/api.w.org\/{rel}","templated":true}]}}