{"id":15479,"date":"2026-04-19T20:49:44","date_gmt":"2026-04-19T20:49:44","guid":{"rendered":"https:\/\/caralmusic.cl\/caral\/product\/jackson-dinky-arch-top-js32-dka-para-zurdos\/"},"modified":"2026-04-20T16:07:35","modified_gmt":"2026-04-20T16:07:35","slug":"jackson-dinky-arch-top-js32-dka-para-zurdos","status":"publish","type":"product","link":"https:\/\/caralmusic.cl\/caral\/product\/jackson-dinky-arch-top-js32-dka-para-zurdos\/","title":{"rendered":"Jackson Dinky\u2122 Arch Top JS32 DKA para Zurdos"},"content":{"rendered":"<h3>GENERAL<\/h3>\n<div class=\"row-fluid\">\n<div id=\"spec_category_table_general\" class=\"spec_category_table span12 text-left\">\n<table class=\"table table-striped\" style=\"width: 100%;\">\n<tbody>\n<tr>\n<td width=\"20%\">Model Name:<\/td>\n<td width=\"80%\">JS Series Dinky\u2122 Arch Top JS32 DKA LH, Amaranth Fingerboard, Bright Blue<\/td>\n<\/tr>\n<tr>\n<td width=\"20%\">Model Number:<\/td>\n<td width=\"80%\">2911138522<\/td>\n<\/tr>\n<tr>\n<td width=\"20%\">Series:<\/td>\n<td width=\"80%\">JS<\/td>\n<\/tr>\n<tr>\n<td width=\"20%\">Color:<\/td>\n<td width=\"80%\">Bright Blue<\/td>\n<\/tr>\n<\/tbody>\n<\/table>\n<\/div>\n<\/div>\n<hr \/>\n<h3>BODY<\/h3>\n<div class=\"row-fluid\">\n<div id=\"spec_category_table_body\" class=\"spec_category_table span12 text-left\">\n<table class=\"table table-striped\" style=\"width: 100%;\">\n<tbody>\n<tr>\n<td width=\"20%\">Body Shape:<\/td>\n<td width=\"80%\">Dinky\u2122<\/td>\n<\/tr>\n<tr>\n<td width=\"20%\">Body Material:<\/td>\n<td width=\"80%\">\u00c1lamo (Poplar)<\/td>\n<\/tr>\n<tr>\n<td width=\"20%\">Body Finish:<\/td>\n<td width=\"80%\">Gloss Polyurethane<\/td>\n<\/tr>\n<\/tbody>\n<\/table>\n<\/div>\n<\/div>\n<hr \/>\n<h3>NECK<\/h3>\n<div class=\"row-fluid\">\n<div id=\"spec_category_table_neck\" class=\"spec_category_table span12 text-left\">\n<table class=\"table table-striped\" style=\"width: 100%;\">\n<tbody>\n<tr>\n<td width=\"20%\">Neck Material:<\/td>\n<td width=\"80%\">1-Piece Bolt-On Maple with Graphite Reinforcement and Scarf Joint<\/td>\n<\/tr>\n<tr>\n<td width=\"20%\">Neck Shape:<\/td>\n<td width=\"80%\">3rd Fret: .755&#8243;, 12th Fret: .815&#8243;<\/td>\n<\/tr>\n<tr>\n<td width=\"20%\">Neck Binding:<\/td>\n<td width=\"80%\">White<\/td>\n<\/tr>\n<tr>\n<td width=\"20%\">Scale Length:<\/td>\n<td width=\"80%\">25.5&#8243; (648 mm)<\/td>\n<\/tr>\n<tr>\n<td width=\"20%\">Fingerboard Radius:<\/td>\n<td width=\"80%\">12&#8243; to 16&#8243; Compound Radius (304.8 mm to 406.4 mm)<\/td>\n<\/tr>\n<tr>\n<td width=\"20%\">Number of Frets:<\/td>\n<td width=\"80%\">24<\/td>\n<\/tr>\n<tr>\n<td width=\"20%\">Fret Size:<\/td>\n<td width=\"80%\">Jumbo<\/td>\n<\/tr>\n<tr>\n<td width=\"20%\">String Nut:<\/td>\n<td width=\"80%\">Jackson\u00ae Floyd Rose\u00ae<\/td>\n<\/tr>\n<tr>\n<td width=\"20%\">Nut Width:<\/td>\n<td width=\"80%\">1.6875&#8243; (42.8 mm)<\/td>\n<\/tr>\n<tr>\n<td width=\"20%\">Neck Plate:<\/td>\n<td width=\"80%\">4-Bolt<\/td>\n<\/tr>\n<tr>\n<td width=\"20%\">Neck Finish:<\/td>\n<td width=\"80%\">Satin Polyester<\/td>\n<\/tr>\n<tr>\n<td width=\"20%\">Fingerboard:<\/td>\n<td width=\"80%\">Amaranto (Amaranth)<\/td>\n<\/tr>\n<tr>\n<td width=\"20%\">Position Inlays:<\/td>\n<td width=\"80%\">Pearloid Sharkfin<\/td>\n<\/tr>\n<\/tbody>\n<\/table>\n<\/div>\n<\/div>\n<hr \/>\n<h3>ELECTRONICS<\/h3>\n<div class=\"row-fluid\">\n<div id=\"spec_category_table_electronics\" class=\"spec_category_table span12 text-left\">\n<table class=\"table table-striped\" style=\"width: 100%;\">\n<tbody>\n<tr>\n<td width=\"20%\">Bridge Pickup:<\/td>\n<td width=\"80%\">Jackson\u00ae High Output Humbucking<\/td>\n<\/tr>\n<tr>\n<td width=\"20%\">Neck Pickup:<\/td>\n<td width=\"80%\">Jackson\u00ae High Output Humbucking<\/td>\n<\/tr>\n<tr>\n<td width=\"20%\">Controls:<\/td>\n<td width=\"80%\">Master Volume, Master Tone<\/td>\n<\/tr>\n<tr>\n<td width=\"20%\">Pickup Switching:<\/td>\n<td width=\"80%\">3-Position Blade: Position 1. Bridge Pickup, Position 2. Bridge and Neck Pickups, Position 3. Neck Pickup<\/td>\n<\/tr>\n<tr>\n<td width=\"20%\">Pickup Configuration:<\/td>\n<td width=\"80%\">HH<\/td>\n<\/tr>\n<\/tbody>\n<\/table>\n<\/div>\n<\/div>\n<hr \/>\n<h3>HARDWARE<\/h3>\n<div class=\"row-fluid\">\n<div id=\"spec_category_table_hardware\" class=\"spec_category_table span12 text-left\">\n<table class=\"table table-striped\" style=\"width: 100%;\">\n<tbody>\n<tr>\n<td width=\"20%\">Bridge:<\/td>\n<td width=\"80%\">Floyd Rose\u00ae Licensed Jackson\u00ae Double Locking Tremolo<\/td>\n<\/tr>\n<tr>\n<td width=\"20%\">Tuning Machines:<\/td>\n<td width=\"80%\">Jackson\u00ae Sealed Die-Cast<\/td>\n<\/tr>\n<tr>\n<td width=\"20%\">Orientation:<\/td>\n<td width=\"80%\">Left-Hand<\/td>\n<\/tr>\n<tr>\n<td width=\"20%\">Pickguard:<\/td>\n<td width=\"80%\">None<\/td>\n<\/tr>\n<tr>\n<td width=\"20%\">Control Knobs:<\/td>\n<td width=\"80%\">Black Dome Style<\/td>\n<\/tr>\n<\/tbody>\n<\/table>\n<\/div>\n<\/div>\n<hr \/>\n<h3>MISCELLANEOUS<\/h3>\n<div class=\"row-fluid\">\n<div id=\"spec_category_table_miscellaneous\" class=\"spec_category_table span12 text-left\">\n<table class=\"table table-striped\" style=\"width: 100%;\">\n<tbody>\n<tr>\n<td width=\"20%\">Strings:<\/td>\n<td width=\"80%\">NPS, .009-.042 Gauges<\/td>\n<\/tr>\n<\/tbody>\n<\/table>\n<\/div>\n<\/div>\n","protected":false},"excerpt":{"rendered":"<p style=\"text-align: justify;\">La Dinky Arch Top JS32 DKA para zurdos tiene un elegante cuerpo de \u00e1lamo (poplar) de tapa arqueada, con m\u00e1stil apernado de arce (maple) con refuerzo de grafito, diapas\u00f3n de amaranto de radio compuesto (12&#8243;-16&#8243;) con 24 trastes jumbo e incrustaciones perladas tipo aleta de tibur\u00f3n. Otras caracter\u00edsticas incluyen dos c\u00e1psulas humbucker de Jackson con imanes cer\u00e1micos y selector de tres posiciones, puente con tr\u00e9molo de doble bloqueo fabricado por Jackson con licencia Floyd Rose\u00ae, hardware negro y clavijeros de fundici\u00f3n.<\/p>\n","protected":false},"featured_media":37981,"comment_status":"open","ping_status":"closed","template":"","meta":[],"product_brand":[],"product_cat":[131,96,124,138],"product_tag":[],"class_list":{"0":"post-15479","1":"product","2":"type-product","3":"status-publish","4":"has-post-thumbnail","6":"product_cat-jackson-guitarras","7":"product_cat-dinky-jackson","8":"product_cat-guitarras-electricas","9":"product_cat-js-series","11":"first","12":"instock","13":"sale","14":"shipping-taxable","15":"purchasable","16":"product-type-simple"},"_links":{"self":[{"href":"https:\/\/caralmusic.cl\/caral\/wp-json\/wp\/v2\/product\/15479","targetHints":{"allow":["GET"]}}],"collection":[{"href":"https:\/\/caralmusic.cl\/caral\/wp-json\/wp\/v2\/product"}],"about":[{"href":"https:\/\/caralmusic.cl\/caral\/wp-json\/wp\/v2\/types\/product"}],"replies":[{"embeddable":true,"href":"https:\/\/caralmusic.cl\/caral\/wp-json\/wp\/v2\/comments?post=15479"}],"wp:featuredmedia":[{"embeddable":true,"href":"https:\/\/caralmusic.cl\/caral\/wp-json\/wp\/v2\/media\/37981"}],"wp:attachment":[{"href":"https:\/\/caralmusic.cl\/caral\/wp-json\/wp\/v2\/media?parent=15479"}],"wp:term":[{"taxonomy":"product_brand","embeddable":true,"href":"https:\/\/caralmusic.cl\/caral\/wp-json\/wp\/v2\/product_brand?post=15479"},{"taxonomy":"product_cat","embeddable":true,"href":"https:\/\/caralmusic.cl\/caral\/wp-json\/wp\/v2\/product_cat?post=15479"},{"taxonomy":"product_tag","embeddable":true,"href":"https:\/\/caralmusic.cl\/caral\/wp-json\/wp\/v2\/product_tag?post=15479"}],"curies":[{"name":"wp","href":"https:\/\/api.w.org\/{rel}","templated":true}]}}