{"id":15535,"date":"2025-10-30T19:15:04","date_gmt":"2025-10-30T19:15:04","guid":{"rendered":""},"modified":"2026-04-10T22:22:37","modified_gmt":"2026-04-10T22:22:37","slug":"squier-starcaster-classic-vibe-3","status":"publish","type":"product","link":"https:\/\/caralmusic.cl\/caral\/product\/squier-starcaster-classic-vibe-3\/","title":{"rendered":"Squier Starcaster\u00ae Classic Vibe"},"content":{"rendered":"<div class=\"row-fluid\">\n<div id=\"spec_category_image_general\" class=\"spec_category_image span3 text-center\">\n<h3>General<\/h3>\n<\/div>\n<div id=\"spec_category_table_general\" class=\"spec_category_table span9 text-left\">\n<table class=\"table table-striped\" style=\"width: 100%;\">\n<tbody>\n<tr>\n<td width=\"20%\">Nombre modelo:<\/td>\n<td width=\"80%\">Classic Vibe Starcaster\u00ae, Maple Fingerboard, 3-Color Sunburst<\/td>\n<\/tr>\n<tr>\n<td width=\"20%\">N\u00famero modelo:<\/td>\n<td width=\"80%\">0374590500<\/td>\n<\/tr>\n<tr>\n<td width=\"20%\">Serie:<\/td>\n<td width=\"80%\">Classic Vibe<\/td>\n<\/tr>\n<tr>\n<td width=\"20%\">Color:<\/td>\n<td width=\"80%\">3-Color Sunburst<\/td>\n<\/tr>\n<\/tbody>\n<\/table>\n<\/div>\n<\/div>\n<hr \/>\n<div class=\"row-fluid\">\n<div id=\"spec_category_image_body\" class=\"spec_category_image span3 text-center\">\n<h3>Cuerpo<\/h3>\n<\/div>\n<div id=\"spec_category_table_body\" class=\"spec_category_table span9 text-left\">\n<table class=\"table table-striped\" style=\"width: 100%;\">\n<tbody>\n<tr>\n<td width=\"20%\">Forma del cuerpo:<\/td>\n<td width=\"80%\">Starcaster\u00ae<\/td>\n<\/tr>\n<tr>\n<td width=\"20%\">Material del cuerpo:<\/td>\n<td width=\"80%\">Arce (Maple) laminado<\/td>\n<\/tr>\n<tr>\n<td width=\"20%\">Acabado del cuerpo:<\/td>\n<td width=\"80%\">Poliuretano brillante<\/td>\n<\/tr>\n<\/tbody>\n<\/table>\n<\/div>\n<\/div>\n<hr \/>\n<div class=\"row-fluid\">\n<div id=\"spec_category_image_neck\" class=\"spec_category_image span3 text-center\">\n<h3>M\u00e1stil<\/h3>\n<\/div>\n<div id=\"spec_category_table_neck\" class=\"spec_category_table span9 text-left\">\n<table class=\"table table-striped\" style=\"width: 100%;\">\n<tbody>\n<tr>\n<td width=\"20%\">Material m\u00e1stil:<\/td>\n<td width=\"80%\">Arce (Maple) laminado<\/td>\n<\/tr>\n<tr>\n<td width=\"20%\">Forma m\u00e1stil:<\/td>\n<td width=\"80%\">&#8220;C&#8221;<\/td>\n<\/tr>\n<tr>\n<td width=\"20%\">Longitud escala:<\/td>\n<td width=\"80%\">25.5&#8243; (648 mm)<\/td>\n<\/tr>\n<tr>\n<td width=\"20%\">Radio diapas\u00f3n:<\/td>\n<td width=\"80%\">9.5&#8243; (241 mm)<\/td>\n<\/tr>\n<tr>\n<td width=\"20%\">N\u00famero de trastes:<\/td>\n<td width=\"80%\">22<\/td>\n<\/tr>\n<tr>\n<td width=\"20%\">Tama\u00f1o trastes:<\/td>\n<td width=\"80%\">Altos angostos<\/td>\n<\/tr>\n<tr>\n<td width=\"20%\">Cejilla cuerdas:<\/td>\n<td width=\"80%\">Hueso sint\u00e9tico<\/td>\n<\/tr>\n<tr>\n<td width=\"20%\">Ancho cejilla:<\/td>\n<td width=\"80%\">1.650&#8243; (42 mm)<\/td>\n<\/tr>\n<tr>\n<td width=\"20%\">Ajuste m\u00e1stil:<\/td>\n<td width=\"80%\">En la pala<\/td>\n<\/tr>\n<tr>\n<td width=\"20%\">Acabado m\u00e1stil:<\/td>\n<td width=\"80%\">Uretano brillante tintado<\/td>\n<\/tr>\n<tr>\n<td width=\"20%\">Diapas\u00f3n:<\/td>\n<td width=\"80%\">Arce (Maple)<\/td>\n<\/tr>\n<tr>\n<td width=\"20%\">Puntos de posici\u00f3n:<\/td>\n<td width=\"80%\">Puntos negros<\/td>\n<\/tr>\n<\/tbody>\n<\/table>\n<\/div>\n<\/div>\n<hr \/>\n<div class=\"row-fluid\">\n<div id=\"spec_category_image_electronics\" class=\"spec_category_image span3 text-center\">\n<h3>Electr\u00f3nica<\/h3>\n<\/div>\n<div id=\"spec_category_table_electronics\" class=\"spec_category_table span9 text-left\">\n<table class=\"table table-striped\" style=\"width: 100%;\">\n<tbody>\n<tr>\n<td width=\"20%\">C\u00e1psula puente:<\/td>\n<td width=\"80%\">Fender\u00ae Wide Range Humbucking<\/td>\n<\/tr>\n<tr>\n<td width=\"20%\">C\u00e1psula m\u00e1stil:<\/td>\n<td width=\"80%\">Fender\u00ae Wide Range Humbucking<\/td>\n<\/tr>\n<tr>\n<td width=\"20%\">Controles:<\/td>\n<td width=\"80%\">Volumen 1. (c\u00e1psula m\u00e1stil), Tono 1. (c\u00e1psula m\u00e1stil), Volumen 2. (c\u00e1psula puente), Tono 2. (c\u00e1psula puente)<\/td>\n<\/tr>\n<tr>\n<td width=\"20%\">Selector c\u00e1psulas:<\/td>\n<td width=\"80%\">Interruptor de 3 posiciones: Posici\u00f3n 1. C\u00e1psula de puente, Posici\u00f3n 2. C\u00e1psulas de puente y m\u00e1stil, Posici\u00f3n 3. C\u00e1psula de m\u00e1stil<\/td>\n<\/tr>\n<tr>\n<td width=\"20%\">Configuraci\u00f3n c\u00e1psulas:<\/td>\n<td width=\"80%\">HH<\/td>\n<\/tr>\n<\/tbody>\n<\/table>\n<\/div>\n<\/div>\n<hr \/>\n<div class=\"row-fluid\">\n<div id=\"spec_category_image_hardware\" class=\"spec_category_image span3 text-center\">\n<h3>Hardware<\/h3>\n<\/div>\n<div id=\"spec_category_table_hardware\" class=\"spec_category_table span9 text-left\">\n<table class=\"table table-striped\" style=\"width: 100%;\">\n<tbody>\n<tr>\n<td width=\"20%\">Puente:<\/td>\n<td width=\"80%\">Adjusto-Matic\u2122 con cordal anclado<\/td>\n<\/tr>\n<tr>\n<td width=\"20%\">Clavijeros:<\/td>\n<td width=\"80%\">Estilo vintage<\/td>\n<\/tr>\n<tr>\n<td width=\"20%\">Orientaci\u00f3n:<\/td>\n<td width=\"80%\">Diestra<\/td>\n<\/tr>\n<tr>\n<td width=\"20%\">Pickguard:<\/td>\n<td width=\"80%\">Negro de 3 capas<\/td>\n<\/tr>\n<tr>\n<td width=\"20%\">Perillas de control:<\/td>\n<td width=\"80%\">Perillas de amplificador con falda<\/td>\n<\/tr>\n<tr>\n<td width=\"20%\">Punta interruptor:<\/td>\n<td width=\"80%\">Pl\u00e1stico negro<\/td>\n<\/tr>\n<\/tbody>\n<\/table>\n<\/div>\n<\/div>\n<hr \/>\n<div class=\"row-fluid\">\n<div id=\"spec_category_image_miscellaneous\" class=\"spec_category_image span3 text-center\">\n<h3>Varios<\/h3>\n<\/div>\n<div id=\"spec_category_table_miscellaneous\" class=\"spec_category_table span9 text-left\">\n<table class=\"table table-striped\" style=\"width: 100%;\">\n<tbody>\n<tr>\n<td width=\"20%\">Cuerdas:<\/td>\n<td width=\"80%\">Nickel Plated Steel (Calibres .009-.042)<\/td>\n<\/tr>\n<\/tbody>\n<\/table>\n<\/div>\n<\/div>\n","protected":false},"excerpt":{"rendered":"<p style=\"text-align: justify;\">La Starcaster rompi\u00f3 el molde del dise\u00f1o de guitarra semi-hueca con su forma de cuerpo compensado cuando se introdujo en los a\u00f1os 70, ofreciendo sonidos vers\u00e1tiles y un estilo fuera de este mundo para los guitarristas m\u00e1s aventureros. La Starcaster Classic Vibe es un retroceso al modelo original de Fender, creando un tono masivo por cortes\u00eda de sus dos c\u00e1psulas humbucking de amplio rango dise\u00f1adas por Fender. Las caracter\u00edsticas amigables incluyen un perfil de m\u00e1stil delgado y c\u00f3modo en forma de &#8220;C&#8221; con un diapas\u00f3n de radio f\u00e1cil de tocar de 9.5&#8243; y trastes altos estrechos, as\u00ed como un cordal para una s\u00f3lida estabilidad de afinaci\u00f3n. Este modelo Squier tambi\u00e9n luce un contorno de pala pintado \u00fanico, gr\u00e1fica en la pala inspirada en la d\u00e9cada de 1970, herrajes enchapados en n\u00edquel y un acabado liso y brillante en el m\u00e1stil de color vintage para una vibra de la vieja escuela.<\/p>\n","protected":false},"featured_media":37947,"comment_status":"open","ping_status":"closed","template":"","meta":[],"product_brand":[],"product_cat":[161,202,528,124,78],"product_tag":[],"class_list":{"0":"post-15535","1":"product","2":"type-product","3":"status-publish","4":"has-post-thumbnail","6":"product_cat-ofertas-1","7":"product_cat-squier-guitarras","8":"product_cat-squier-starcaster","9":"product_cat-guitarras-electricas","10":"product_cat-classic-vibe","12":"first","13":"outofstock","14":"shipping-taxable","15":"purchasable","16":"product-type-simple"},"_links":{"self":[{"href":"https:\/\/caralmusic.cl\/caral\/wp-json\/wp\/v2\/product\/15535","targetHints":{"allow":["GET"]}}],"collection":[{"href":"https:\/\/caralmusic.cl\/caral\/wp-json\/wp\/v2\/product"}],"about":[{"href":"https:\/\/caralmusic.cl\/caral\/wp-json\/wp\/v2\/types\/product"}],"replies":[{"embeddable":true,"href":"https:\/\/caralmusic.cl\/caral\/wp-json\/wp\/v2\/comments?post=15535"}],"wp:featuredmedia":[{"embeddable":true,"href":"https:\/\/caralmusic.cl\/caral\/wp-json\/wp\/v2\/media\/37947"}],"wp:attachment":[{"href":"https:\/\/caralmusic.cl\/caral\/wp-json\/wp\/v2\/media?parent=15535"}],"wp:term":[{"taxonomy":"product_brand","embeddable":true,"href":"https:\/\/caralmusic.cl\/caral\/wp-json\/wp\/v2\/product_brand?post=15535"},{"taxonomy":"product_cat","embeddable":true,"href":"https:\/\/caralmusic.cl\/caral\/wp-json\/wp\/v2\/product_cat?post=15535"},{"taxonomy":"product_tag","embeddable":true,"href":"https:\/\/caralmusic.cl\/caral\/wp-json\/wp\/v2\/product_tag?post=15535"}],"curies":[{"name":"wp","href":"https:\/\/api.w.org\/{rel}","templated":true}]}}