{"id":16349,"date":"2025-10-28T14:42:49","date_gmt":"2025-10-28T14:42:49","guid":{"rendered":""},"modified":"2026-04-14T22:46:09","modified_gmt":"2026-04-14T22:46:09","slug":"jackson-warrior-js32t-serie-js","status":"publish","type":"product","link":"https:\/\/caralmusic.cl\/caral\/product\/jackson-warrior-js32t-serie-js\/","title":{"rendered":"Jackson Warrior\u2122 JS32T Serie JS"},"content":{"rendered":"<h3>GENERAL<\/h3>\n<div class=\"row-fluid\">\n<div id=\"spec_category_table_general\" class=\"spec_category_table span12 text-left\">\n<table class=\"table table-striped\" style=\"width: 100%;\">\n<tbody>\n<tr>\n<td width=\"20%\">Model Name:<\/td>\n<td width=\"80%\">JS Series Warrior\u2122 JS32T, Amaranth Fingerboard, Natural Oil<\/td>\n<\/tr>\n<tr>\n<td width=\"20%\">Model Number:<\/td>\n<td width=\"80%\">2910126557<\/td>\n<\/tr>\n<tr>\n<td width=\"20%\">Series:<\/td>\n<td width=\"80%\">JS<\/td>\n<\/tr>\n<tr>\n<td width=\"20%\">Color:<\/td>\n<td width=\"80%\">Natural Oil<\/td>\n<\/tr>\n<\/tbody>\n<\/table>\n<\/div>\n<\/div>\n<hr \/>\n<h3>BODY<\/h3>\n<div class=\"row-fluid\">\n<div id=\"spec_category_table_body\" class=\"spec_category_table span12 text-left\">\n<table class=\"table table-striped\" style=\"width: 100%;\">\n<tbody>\n<tr>\n<td width=\"20%\">Body Shape:<\/td>\n<td width=\"80%\">Warrior\u2122<\/td>\n<\/tr>\n<tr>\n<td width=\"20%\">Body Material:<\/td>\n<td width=\"80%\">Caoba (Mahogany)<\/td>\n<\/tr>\n<tr>\n<td width=\"20%\">Body Finish:<\/td>\n<td width=\"80%\">Aceitado<\/td>\n<\/tr>\n<\/tbody>\n<\/table>\n<\/div>\n<\/div>\n<hr \/>\n<h3>NECK<\/h3>\n<div class=\"row-fluid\">\n<div id=\"spec_category_table_neck\" class=\"spec_category_table span12 text-left\">\n<table class=\"table table-striped\" style=\"width: 100%;\">\n<tbody>\n<tr>\n<td width=\"20%\">Neck Material:<\/td>\n<td width=\"80%\">M\u00e1stil r\u00e1pido apernado con refuerzo de grafito<\/td>\n<\/tr>\n<tr>\n<td width=\"20%\">Neck Shape:<\/td>\n<td width=\"80%\">M\u00e1stil r\u00e1pido<\/td>\n<\/tr>\n<tr>\n<td width=\"20%\">Scale Length:<\/td>\n<td width=\"80%\">25.5&#8243; (648 mm)<\/td>\n<\/tr>\n<tr>\n<td width=\"20%\">Fingerboard Radius:<\/td>\n<td width=\"80%\">Radio compuesto 12&#8243; a 16&#8243; (304.8 mm a 406.4 mm)<\/td>\n<\/tr>\n<tr>\n<td width=\"20%\">Number of Frets:<\/td>\n<td width=\"80%\">24<\/td>\n<\/tr>\n<tr>\n<td width=\"20%\">Fret Size:<\/td>\n<td width=\"80%\">Jumbo<\/td>\n<\/tr>\n<tr>\n<td width=\"20%\">Nut Width:<\/td>\n<td width=\"80%\">1.685&#8243; (42.8 mm)<\/td>\n<\/tr>\n<tr>\n<td width=\"20%\">Neck Plate:<\/td>\n<td width=\"80%\">Jackson\u00ae<\/td>\n<\/tr>\n<tr>\n<td width=\"20%\">Neck Finish:<\/td>\n<td width=\"80%\">Satinado<\/td>\n<\/tr>\n<tr>\n<td width=\"20%\">Fingerboard:<\/td>\n<td width=\"80%\">Amaranto (Amaranth)<\/td>\n<\/tr>\n<tr>\n<td width=\"20%\">Position Inlays:<\/td>\n<td width=\"80%\">Aletas de tibur\u00f3n perladas<\/td>\n<\/tr>\n<\/tbody>\n<\/table>\n<\/div>\n<\/div>\n<hr \/>\n<h3>ELECTRONICS<\/h3>\n<div class=\"row-fluid\">\n<div id=\"spec_category_table_electronics\" class=\"spec_category_table span12 text-left\">\n<table class=\"table table-striped\" style=\"width: 100%;\">\n<tbody>\n<tr>\n<td width=\"20%\">Bridge Pickup:<\/td>\n<td width=\"80%\">Humbucker Jackson\u00ae High Output<\/td>\n<\/tr>\n<tr>\n<td width=\"20%\">Neck Pickup:<\/td>\n<td width=\"80%\">Humbucker Jackson\u00ae High Output<\/td>\n<\/tr>\n<tr>\n<td width=\"20%\">Controls:<\/td>\n<td width=\"80%\">Volumen master, Tono master<\/td>\n<\/tr>\n<tr>\n<td width=\"20%\">Pickup Switching:<\/td>\n<td width=\"80%\">3-Posiciones: Posici\u00f3n 1. C\u00e1psula del Puente, Posici\u00f3n 2. C\u00e1psulas del Puente y M\u00e1stil, Posici\u00f3n 3. C\u00e1psula del M\u00e1stil<\/td>\n<\/tr>\n<tr>\n<td width=\"20%\">Pickup Configuration:<\/td>\n<td width=\"80%\">HH<\/td>\n<\/tr>\n<\/tbody>\n<\/table>\n<\/div>\n<\/div>\n<hr \/>\n<h3>HARDWARE<\/h3>\n<div class=\"row-fluid\">\n<div id=\"spec_category_table_hardware\" class=\"spec_category_table span12 text-left\">\n<table class=\"table table-striped\" style=\"width: 100%;\">\n<tbody>\n<tr>\n<td width=\"20%\">Bridge:<\/td>\n<td width=\"80%\">Jackson\u00ae estilo TOM ajustable con cuerdas a trav\u00e9s del cuerpo<\/td>\n<\/tr>\n<tr>\n<td width=\"20%\">Tuning Machines:<\/td>\n<td width=\"80%\">Jackson\u00ae de fundici\u00f3n<\/td>\n<\/tr>\n<tr>\n<td width=\"20%\">Orientation:<\/td>\n<td width=\"80%\">Diestra<\/td>\n<\/tr>\n<tr>\n<td width=\"20%\">Pickguard:<\/td>\n<td width=\"80%\">No<\/td>\n<\/tr>\n<tr>\n<td width=\"20%\">Control Knobs:<\/td>\n<td width=\"80%\">Estilo domo<\/td>\n<\/tr>\n<\/tbody>\n<\/table>\n<\/div>\n<\/div>\n<hr \/>\n<h3>MISCELLANEOUS<\/h3>\n<div class=\"row-fluid\">\n<div id=\"spec_category_table_miscellaneous\" class=\"spec_category_table span12 text-left\">\n<table class=\"table table-striped\" style=\"width: 100%;\">\n<tbody>\n<tr>\n<td width=\"20%\">Strings:<\/td>\n<td width=\"80%\">Nickel Plated Steel, calibres .009-.042<\/td>\n<\/tr>\n<tr>\n<td width=\"20%\">Unique Features:<\/td>\n<td width=\"80%\">Ribete blanco en m\u00e1stil y pala, hardware negro y cubiertas de c\u00e1psulas estilo &#8220;cebra&#8221;<\/td>\n<\/tr>\n<\/tbody>\n<\/table>\n<\/div>\n<\/div>\n","protected":false},"excerpt":{"rendered":"<p>&lt;<\/p>\n<p style=\"text-align: justify;\">La temible Warrior\u2122 JS32T tiene un cuerpo de caoba (mahogany), m\u00e1stil de arce (maple) con refuerzo de grafito, diapas\u00f3n de amaranto (amaranth) y radio compuesto (12&#8243;-16&#8243;) con 24 trastes jumbo e incrustaciones de aleta de tibur\u00f3n perladas. Otras caracter\u00edsticas incluyen dos c\u00e1psulas humbucker Jackson de alta potencia con imanes cer\u00e1micos y palanca de selector de tres posiciones, puente Jackson ajustable estilo TOM con cuerdas a trav\u00e9s del cuerpo, hardware negro y clavijeros met\u00e1licos de fundici\u00f3n.<\/p>\n<p><iframe loading=\"lazy\" src=\"https:\/\/www.youtube.com\/embed\/PLv_aNfbBWY\" width=\"560\" height=\"315\" frameborder=\"0\" allowfullscreen=\"allowfullscreen\"><\/iframe><\/p>\n","protected":false},"featured_media":38235,"comment_status":"open","ping_status":"closed","template":"","meta":[],"product_brand":[],"product_cat":[530,131,239,124,138],"product_tag":[],"class_list":{"0":"post-16349","1":"product","2":"type-product","3":"status-publish","4":"has-post-thumbnail","6":"product_cat-ofertas-4","7":"product_cat-jackson-guitarras","8":"product_cat-warrior","9":"product_cat-guitarras-electricas","10":"product_cat-js-series","12":"first","13":"outofstock","14":"sale","15":"shipping-taxable","16":"purchasable","17":"product-type-simple"},"_links":{"self":[{"href":"https:\/\/caralmusic.cl\/caral\/wp-json\/wp\/v2\/product\/16349","targetHints":{"allow":["GET"]}}],"collection":[{"href":"https:\/\/caralmusic.cl\/caral\/wp-json\/wp\/v2\/product"}],"about":[{"href":"https:\/\/caralmusic.cl\/caral\/wp-json\/wp\/v2\/types\/product"}],"replies":[{"embeddable":true,"href":"https:\/\/caralmusic.cl\/caral\/wp-json\/wp\/v2\/comments?post=16349"}],"wp:featuredmedia":[{"embeddable":true,"href":"https:\/\/caralmusic.cl\/caral\/wp-json\/wp\/v2\/media\/38235"}],"wp:attachment":[{"href":"https:\/\/caralmusic.cl\/caral\/wp-json\/wp\/v2\/media?parent=16349"}],"wp:term":[{"taxonomy":"product_brand","embeddable":true,"href":"https:\/\/caralmusic.cl\/caral\/wp-json\/wp\/v2\/product_brand?post=16349"},{"taxonomy":"product_cat","embeddable":true,"href":"https:\/\/caralmusic.cl\/caral\/wp-json\/wp\/v2\/product_cat?post=16349"},{"taxonomy":"product_tag","embeddable":true,"href":"https:\/\/caralmusic.cl\/caral\/wp-json\/wp\/v2\/product_tag?post=16349"}],"curies":[{"name":"wp","href":"https:\/\/api.w.org\/{rel}","templated":true}]}}