{"id":16432,"date":"2025-10-28T14:11:37","date_gmt":"2025-10-28T14:11:37","guid":{"rendered":""},"modified":"2026-04-15T18:03:59","modified_gmt":"2026-04-15T18:03:59","slug":"squier-stratocaster-hss-sonic-2","status":"publish","type":"product","link":"https:\/\/caralmusic.cl\/caral\/product\/squier-stratocaster-hss-sonic-2\/","title":{"rendered":"Squier Stratocaster\u00ae HSS Sonic"},"content":{"rendered":"<div class=\"row-fluid\">\n<div id=\"spec_category_image_general\" class=\"spec_category_image span3 text-center\">\n<h3>General<\/h3>\n<\/div>\n<div id=\"spec_category_table_general\" class=\"spec_category_table span9 text-left\">\n<table class=\"table table-striped\" style=\"width: 100%;\">\n<tbody>\n<tr>\n<td width=\"20%\">Nombre del Modelo:<\/td>\n<td width=\"80%\">Squier Sonic\u2122 Stratocaster\u00ae HSS, Maple Fingerboard, Black Pickguard, Black<\/td>\n<\/tr>\n<tr>\n<td width=\"20%\">N\u00famero del Modelo:<\/td>\n<td width=\"80%\">0373203506<\/td>\n<\/tr>\n<tr>\n<td width=\"20%\">Serie:<\/td>\n<td width=\"80%\">Sonic\u2122<\/td>\n<\/tr>\n<tr>\n<td width=\"20%\">Color:<\/td>\n<td width=\"80%\">Black<\/td>\n<\/tr>\n<\/tbody>\n<\/table>\n<\/div>\n<\/div>\n<hr \/>\n<div class=\"row-fluid\">\n<div id=\"spec_category_image_body\" class=\"spec_category_image span3 text-center\">\n<h3>Cuerpo<\/h3>\n<\/div>\n<div id=\"spec_category_table_body\" class=\"spec_category_table span9 text-left\">\n<table class=\"table table-striped\" style=\"width: 100%;\">\n<tbody>\n<tr>\n<td width=\"20%\">Forma del Cuerpo:<\/td>\n<td width=\"80%\">Stratocaster\u00ae<\/td>\n<\/tr>\n<tr>\n<td width=\"20%\">Material del Cuerpo:<\/td>\n<td width=\"80%\">\u00c1lamo (Poplar)<\/td>\n<\/tr>\n<tr>\n<td width=\"20%\">Acabado del Cuerpo:<\/td>\n<td width=\"80%\">Poliuretano brillante<\/td>\n<\/tr>\n<\/tbody>\n<\/table>\n<\/div>\n<\/div>\n<hr \/>\n<div class=\"row-fluid\">\n<div id=\"spec_category_image_neck\" class=\"spec_category_image span3 text-center\">\n<h3>M\u00e1stil<\/h3>\n<\/div>\n<div id=\"spec_category_table_neck\" class=\"spec_category_table span9 text-left\">\n<table class=\"table table-striped\" style=\"width: 100%;\">\n<tbody>\n<tr>\n<td width=\"20%\">Material del M\u00e1stil:<\/td>\n<td width=\"80%\">Arce (Maple)<\/td>\n<\/tr>\n<tr>\n<td width=\"20%\">Forma del M\u00e1stil:<\/td>\n<td width=\"80%\">&#8220;C&#8221;<\/td>\n<\/tr>\n<tr>\n<td width=\"20%\">Longitud de Escala:<\/td>\n<td width=\"80%\">25.5&#8243; (648 mm)<\/td>\n<\/tr>\n<tr>\n<td width=\"20%\">Radio del Diapas\u00f3n:<\/td>\n<td width=\"80%\">9.5&#8243; (241 mm)<\/td>\n<\/tr>\n<tr>\n<td width=\"20%\">N\u00famero de Trastes:<\/td>\n<td width=\"80%\">21<\/td>\n<\/tr>\n<tr>\n<td width=\"20%\">Tama\u00f1o de Trastes:<\/td>\n<td width=\"80%\">Altos angostos<\/td>\n<\/tr>\n<tr>\n<td width=\"20%\">Cejilla:<\/td>\n<td width=\"80%\">Hueso sint\u00e9tico<\/td>\n<\/tr>\n<tr>\n<td width=\"20%\">Ancho de Cejilla:<\/td>\n<td width=\"80%\">1.650&#8243; (42 mm)<\/td>\n<\/tr>\n<tr>\n<td width=\"20%\">Placa del M\u00e1stil:<\/td>\n<td width=\"80%\">Est\u00e1ndar de 4 tornillos con logo grabado<\/td>\n<\/tr>\n<tr>\n<td width=\"20%\">Acabado del M\u00e1stil:<\/td>\n<td width=\"80%\">Uretano satinado<\/td>\n<\/tr>\n<tr>\n<td width=\"20%\">Diapas\u00f3n:<\/td>\n<td width=\"80%\">Arce (Maple)<\/td>\n<\/tr>\n<tr>\n<td width=\"20%\">Marcadores de Posici\u00f3n:<\/td>\n<td width=\"80%\">Puntos negros<\/td>\n<\/tr>\n<\/tbody>\n<\/table>\n<\/div>\n<\/div>\n<hr \/>\n<div class=\"row-fluid\">\n<div id=\"spec_category_image_electronics\" class=\"spec_category_image span3 text-center\">\n<h3>Electr\u00f3nica<\/h3>\n<\/div>\n<div id=\"spec_category_table_electronics\" class=\"spec_category_table span9 text-left\">\n<table class=\"table table-striped\" style=\"width: 100%;\">\n<tbody>\n<tr>\n<td width=\"20%\">C\u00e1psula del Puente:<\/td>\n<td width=\"80%\">Humbucker cer\u00e1mica<\/td>\n<\/tr>\n<tr>\n<td width=\"20%\">C\u00e1psula Central:<\/td>\n<td width=\"80%\">Cer\u00e1mica de bobina simple<\/td>\n<\/tr>\n<tr>\n<td width=\"20%\">C\u00e1psula del M\u00e1stil:<\/td>\n<td width=\"80%\">Cer\u00e1mica de bobina simple<\/td>\n<\/tr>\n<tr>\n<td width=\"20%\">Controles:<\/td>\n<td width=\"80%\">Volumen Master, Tono 1. (C\u00e1psulas de m\u00e1stil\/central), Tono 2. (C\u00e1psula del puente)<\/td>\n<\/tr>\n<tr>\n<td width=\"20%\">Selector de C\u00e1psulas:<\/td>\n<td width=\"80%\">Interruptor de 5 posiciones: Posici\u00f3n 1. C\u00e1psula de puente, Posici\u00f3n 2. C\u00e1psulas de puente y central, Posici\u00f3n 3. C\u00e1psula central, Posici\u00f3n 4. C\u00e1psulas central y de m\u00e1stil, Posici\u00f3n 5. C\u00e1psula de m\u00e1stil<\/td>\n<\/tr>\n<tr>\n<td width=\"20%\">Configuraci\u00f3n de C\u00e1psulas:<\/td>\n<td width=\"80%\">HSS<\/td>\n<\/tr>\n<\/tbody>\n<\/table>\n<\/div>\n<\/div>\n<hr \/>\n<div class=\"row-fluid\">\n<div id=\"spec_category_image_hardware\" class=\"spec_category_image span3 text-center\">\n<h3>Hardware<\/h3>\n<\/div>\n<div id=\"spec_category_table_hardware\" class=\"spec_category_table span9 text-left\">\n<table class=\"table table-striped\" style=\"width: 100%;\">\n<tbody>\n<tr>\n<td width=\"20%\">Puente:<\/td>\n<td width=\"80%\">Tr\u00e9molo sincronizado estilo vintage con carros de bloque<\/td>\n<\/tr>\n<tr>\n<td width=\"20%\">Clavijeros:<\/td>\n<td width=\"80%\">Sellados de fundici\u00f3n<\/td>\n<\/tr>\n<tr>\n<td width=\"20%\">Orientaci\u00f3n:<\/td>\n<td width=\"80%\">Diestra<\/td>\n<\/tr>\n<tr>\n<td width=\"20%\">Pickguard:<\/td>\n<td width=\"80%\">Negro (Black) de 1 capa<\/td>\n<\/tr>\n<tr>\n<td width=\"20%\">Perillas de Control:<\/td>\n<td width=\"80%\">Pl\u00e1stico color negro<\/td>\n<\/tr>\n<\/tbody>\n<\/table>\n<\/div>\n<\/div>\n<hr \/>\n<div class=\"row-fluid\">\n<div id=\"spec_category_image_miscellaneous\" class=\"spec_category_image span3 text-center\">\n<h3>Varios<\/h3>\n<\/div>\n<div id=\"spec_category_table_miscellaneous\" class=\"spec_category_table span9 text-left\">\n<table class=\"table table-striped\" style=\"width: 100%;\">\n<tbody>\n<tr>\n<td width=\"20%\">Cuerdas:<\/td>\n<td width=\"80%\">Nickel Plated Steel (Calibres .009-.042)<\/td>\n<\/tr>\n<\/tbody>\n<\/table>\n<\/div>\n<\/div>\n","protected":false},"excerpt":{"rendered":"<p style=\"text-align: justify;\">La Squier Stratocaster\u00ae HSS Sonic\u2122 est\u00e1 lista para lanzar cualquier aventura musical a la velocidad de la luz, ofreciendo el estilo ic\u00f3nico de Fender\u00ae y un tono inspirador para los m\u00fasicos en cualquier etapa. Esta Strat\u00ae luce un perfil de m\u00e1stil delgado y atractivo en forma de &#8220;C&#8221; y un cuerpo delgado y liviano para una comodidad \u00f3ptima al tocar. La configuraci\u00f3n de la c\u00e1psula HSS denota una c\u00e1psula de puente humbucker (H) para un tono sustancial de alto desempe\u00f1o, que complementa las c\u00e1psulas de bobina simple (S) del m\u00e1stil y central que suenan con una claridad cristalina. Otros detalles de este modelo incluyen un puente de tr\u00e9molo para efectos de vibrato expresivos, clavijeros de engranajes sellados para una afinaci\u00f3n suave y precisa y hardware cromado duradero que seguramente llamar\u00e1 la atenci\u00f3n.<\/p>\n<p><iframe loading=\"lazy\" title=\"YouTube video player\" src=\"https:\/\/www.youtube.com\/embed\/_caRd5BNocM\" width=\"560\" height=\"315\" frameborder=\"0\" allowfullscreen=\"allowfullscreen\"><\/iframe><\/p>\n","protected":false},"featured_media":38264,"comment_status":"open","ping_status":"closed","template":"","meta":[],"product_brand":[],"product_cat":[202,523,124],"product_tag":[],"class_list":{"0":"post-16432","1":"product","2":"type-product","3":"status-publish","4":"has-post-thumbnail","6":"product_cat-squier-guitarras","7":"product_cat-squier-stratocaster","8":"product_cat-guitarras-electricas","10":"first","11":"outofstock","12":"sale","13":"shipping-taxable","14":"purchasable","15":"product-type-simple"},"_links":{"self":[{"href":"https:\/\/caralmusic.cl\/caral\/wp-json\/wp\/v2\/product\/16432","targetHints":{"allow":["GET"]}}],"collection":[{"href":"https:\/\/caralmusic.cl\/caral\/wp-json\/wp\/v2\/product"}],"about":[{"href":"https:\/\/caralmusic.cl\/caral\/wp-json\/wp\/v2\/types\/product"}],"replies":[{"embeddable":true,"href":"https:\/\/caralmusic.cl\/caral\/wp-json\/wp\/v2\/comments?post=16432"}],"wp:featuredmedia":[{"embeddable":true,"href":"https:\/\/caralmusic.cl\/caral\/wp-json\/wp\/v2\/media\/38264"}],"wp:attachment":[{"href":"https:\/\/caralmusic.cl\/caral\/wp-json\/wp\/v2\/media?parent=16432"}],"wp:term":[{"taxonomy":"product_brand","embeddable":true,"href":"https:\/\/caralmusic.cl\/caral\/wp-json\/wp\/v2\/product_brand?post=16432"},{"taxonomy":"product_cat","embeddable":true,"href":"https:\/\/caralmusic.cl\/caral\/wp-json\/wp\/v2\/product_cat?post=16432"},{"taxonomy":"product_tag","embeddable":true,"href":"https:\/\/caralmusic.cl\/caral\/wp-json\/wp\/v2\/product_tag?post=16432"}],"curies":[{"name":"wp","href":"https:\/\/api.w.org\/{rel}","templated":true}]}}