{"id":46618,"date":"2025-10-03T04:53:57","date_gmt":"2025-10-03T04:53:57","guid":{"rendered":"https:\/\/caralmusic.cl\/caral\/product\/fender-ukulele-soprano-venice-4\/"},"modified":"2026-01-09T18:03:51","modified_gmt":"2026-01-09T18:03:51","slug":"fender-ukulele-soprano-venice-4","status":"publish","type":"product","link":"https:\/\/caralmusic.cl\/caral\/product\/fender-ukulele-soprano-venice-4\/","title":{"rendered":"Fender Ukulele Soprano Venice"},"content":{"rendered":"<div class=\"row-fluid\">\n<h3 id=\"spec_category_image_general\" class=\"spec_category_image span3 text-center\">General<\/h3>\n<div id=\"spec_category_table_general\" class=\"spec_category_table span9 text-left\">\n<table class=\"table table-striped\" style=\"width: 100%;\">\n<tbody>\n<tr>\n<td width=\"20%\">Model Name:<\/td>\n<td width=\"80%\">Venice Soprano Ukulele, Telecaster\u00ae 2 Color Sunburst<\/td>\n<\/tr>\n<tr>\n<td width=\"20%\">Model Number:<\/td>\n<td width=\"80%\">0971610503<\/td>\n<\/tr>\n<tr>\n<td width=\"20%\">Series:<\/td>\n<td width=\"80%\">Folk Music Instruments<\/td>\n<\/tr>\n<tr>\n<td width=\"20%\">Color:<\/td>\n<td width=\"80%\">2 Color Sunburst<\/td>\n<\/tr>\n<\/tbody>\n<\/table>\n<\/div>\n<\/div>\n<hr \/>\n<div class=\"row-fluid\">\n<div id=\"spec_category_image_body\" class=\"spec_category_image span3 text-center\">\n<h3>Body<\/h3>\n<\/div>\n<div id=\"spec_category_table_body\" class=\"spec_category_table span9 text-left\">\n<table class=\"table table-striped\" style=\"width: 100%;\">\n<tbody>\n<tr>\n<td width=\"20%\">Body Shape:<\/td>\n<td width=\"80%\">Soprano Ukulele<\/td>\n<\/tr>\n<tr>\n<td width=\"20%\">Bracing:<\/td>\n<td width=\"80%\">Fan<\/td>\n<\/tr>\n<\/tbody>\n<\/table>\n<\/div>\n<\/div>\n<hr \/>\n<div class=\"row-fluid\">\n<div id=\"spec_category_image_neck\" class=\"spec_category_image span3 text-center\">\n<h3>Neck<\/h3>\n<\/div>\n<div id=\"spec_category_table_neck\" class=\"spec_category_table span9 text-left\">\n<table class=\"table table-striped\" style=\"width: 100%;\">\n<tbody>\n<tr>\n<td width=\"20%\">Neck Material:<\/td>\n<td width=\"80%\">Nato<\/td>\n<\/tr>\n<tr>\n<td width=\"20%\">Fingerboard:<\/td>\n<td width=\"80%\">Nogal (Walnut)<\/td>\n<\/tr>\n<tr>\n<td width=\"20%\">Number of Frets:<\/td>\n<td width=\"80%\">12<\/td>\n<\/tr>\n<\/tbody>\n<\/table>\n<\/div>\n<\/div>\n<hr \/>\n<div class=\"row-fluid\">\n<div id=\"spec_category_image_hardware\" class=\"spec_category_image span3 text-center\">\n<h3>Hardware<\/h3>\n<\/div>\n<div id=\"spec_category_table_hardware\" class=\"spec_category_table span9 text-left\">\n<table class=\"table table-striped\" style=\"width: 100%;\">\n<tbody>\n<tr>\n<td width=\"20%\">Bridge:<\/td>\n<td width=\"80%\">Laminated Hardwood<\/td>\n<\/tr>\n<\/tbody>\n<\/table>\n<\/div>\n<\/div>\n","protected":false},"excerpt":{"rendered":"<p style=\"text-align: justify;\">Inspirado en los fascinantes y despreocupados parajes de Venice, California, hemos creado un ukulele soprano que captura su vibra, el Ukulele Venice. Gracias a su tama\u00f1o compacto y c\u00f3modo, puede ir f\u00e1cilmente de la playa al estudio o a una Jam, manteniendo el sonido cl\u00e1sico y brillante que hizo al ukulele un &#8220;indispensable&#8221; para los m\u00fasicos de hoy en d\u00eda.<\/p>\n<p style=\"text-align: justify;\">El delgado perfil del m\u00e1stil en forma de &#8220;C&#8221; es c\u00f3modo de sujetar y de tocar, mientras que el dise\u00f1o del puente hace que las cuerdas se cambien un santiam\u00e9n. Una tapa ribeteada y una pala de Tele\u00ae con 4 clavijeros en l\u00ednea a\u00f1ade un toque \u00fanico de estilo Fender que no se puede duplicar. Olvida tus preocupaciones, emp\u00e1pate de la m\u00fasica del paseo mar\u00edtimo y vive la vida de playa todo el a\u00f1o con el Ukulele Venice.<\/p>\n","protected":false},"featured_media":37210,"comment_status":"open","ping_status":"closed","template":"","meta":[],"product_brand":[],"product_cat":[541,227,24],"product_tag":[],"class_list":{"0":"post-46618","1":"product","2":"type-product","3":"status-publish","4":"has-post-thumbnail","6":"product_cat-fender-acusticas","7":"product_cat-ukuleles","8":"product_cat-acusticos","10":"first","11":"instock","12":"sale","13":"shipping-taxable","14":"purchasable","15":"product-type-simple"},"_links":{"self":[{"href":"https:\/\/caralmusic.cl\/caral\/wp-json\/wp\/v2\/product\/46618","targetHints":{"allow":["GET"]}}],"collection":[{"href":"https:\/\/caralmusic.cl\/caral\/wp-json\/wp\/v2\/product"}],"about":[{"href":"https:\/\/caralmusic.cl\/caral\/wp-json\/wp\/v2\/types\/product"}],"replies":[{"embeddable":true,"href":"https:\/\/caralmusic.cl\/caral\/wp-json\/wp\/v2\/comments?post=46618"}],"wp:featuredmedia":[{"embeddable":true,"href":"https:\/\/caralmusic.cl\/caral\/wp-json\/wp\/v2\/media\/37210"}],"wp:attachment":[{"href":"https:\/\/caralmusic.cl\/caral\/wp-json\/wp\/v2\/media?parent=46618"}],"wp:term":[{"taxonomy":"product_brand","embeddable":true,"href":"https:\/\/caralmusic.cl\/caral\/wp-json\/wp\/v2\/product_brand?post=46618"},{"taxonomy":"product_cat","embeddable":true,"href":"https:\/\/caralmusic.cl\/caral\/wp-json\/wp\/v2\/product_cat?post=46618"},{"taxonomy":"product_tag","embeddable":true,"href":"https:\/\/caralmusic.cl\/caral\/wp-json\/wp\/v2\/product_tag?post=46618"}],"curies":[{"name":"wp","href":"https:\/\/api.w.org\/{rel}","templated":true}]}}