{"id":46748,"date":"2025-10-03T04:54:18","date_gmt":"2025-10-03T04:54:18","guid":{"rendered":"https:\/\/caralmusic.cl\/caral\/product\/jackson-king-v-js32\/"},"modified":"2026-04-19T01:03:32","modified_gmt":"2026-04-19T01:03:32","slug":"jackson-king-v-js32","status":"publish","type":"product","link":"https:\/\/caralmusic.cl\/caral\/product\/jackson-king-v-js32\/","title":{"rendered":"Jackson King V\u2122 JS32"},"content":{"rendered":"<h3>GENERAL<\/h3>\n<div class=\"row-fluid\">\n<div id=\"spec_category_table_general\" class=\"spec_category_table span12 text-left\">\n<table class=\"table table-striped\" style=\"width: 100%;\">\n<tbody>\n<tr>\n<td width=\"20%\">Model Name:<\/td>\n<td width=\"80%\">JS Series King V\u2122 JS32, Amaranth Fingerboard, White with Black Bevels<\/td>\n<\/tr>\n<tr>\n<td width=\"20%\">Model Number:<\/td>\n<td width=\"80%\">2910224577<\/td>\n<\/tr>\n<tr>\n<td width=\"20%\">Series:<\/td>\n<td width=\"80%\">JS<\/td>\n<\/tr>\n<tr>\n<td width=\"20%\">Color:<\/td>\n<td width=\"80%\">Snow White with Black Bevels<\/td>\n<\/tr>\n<\/tbody>\n<\/table>\n<\/div>\n<\/div>\n<hr \/>\n<h3>BODY<\/h3>\n<div class=\"row-fluid\">\n<div id=\"spec_category_table_body\" class=\"spec_category_table span12 text-left\">\n<table class=\"table table-striped\" style=\"width: 100%;\">\n<tbody>\n<tr>\n<td width=\"20%\">Body Shape:<\/td>\n<td width=\"80%\">King V\u2122<\/td>\n<\/tr>\n<tr>\n<td width=\"20%\">Body Material:<\/td>\n<td width=\"80%\">Poplar<\/td>\n<\/tr>\n<tr>\n<td width=\"20%\">Body Finish:<\/td>\n<td width=\"80%\">Gloss<\/td>\n<\/tr>\n<\/tbody>\n<\/table>\n<\/div>\n<\/div>\n<hr \/>\n<h3>NECK<\/h3>\n<div class=\"row-fluid\">\n<div id=\"spec_category_table_neck\" class=\"spec_category_table span12 text-left\">\n<table class=\"table table-striped\" style=\"width: 100%;\">\n<tbody>\n<tr>\n<td width=\"20%\">Neck Material:<\/td>\n<td width=\"80%\">1-Piece Bolt-On Maple Speed Neck with Graphite Reinforcement and Scarf Joint<\/td>\n<\/tr>\n<tr>\n<td width=\"20%\">Neck Shape:<\/td>\n<td width=\"80%\">Speed Neck<\/td>\n<\/tr>\n<tr>\n<td width=\"20%\">Scale Length:<\/td>\n<td width=\"80%\">25.5&#8243; (648 mm)<\/td>\n<\/tr>\n<tr>\n<td width=\"20%\">Fingerboard Radius:<\/td>\n<td width=\"80%\">12&#8243; to 16&#8243; Compound Radius (304.8 mm to 406.4 mm)<\/td>\n<\/tr>\n<tr>\n<td width=\"20%\">Number of Frets:<\/td>\n<td width=\"80%\">24<\/td>\n<\/tr>\n<tr>\n<td width=\"20%\">Fret Size:<\/td>\n<td width=\"80%\">Jumbo<\/td>\n<\/tr>\n<tr>\n<td width=\"20%\">String Nut:<\/td>\n<td width=\"80%\">Floyd Rose\u00ae R3 Locking<\/td>\n<\/tr>\n<tr>\n<td width=\"20%\">Nut Width:<\/td>\n<td width=\"80%\">1.6875&#8243; (42.86 mm)<\/td>\n<\/tr>\n<tr>\n<td width=\"20%\">Neck Plate:<\/td>\n<td width=\"80%\">Jackson\u00ae<\/td>\n<\/tr>\n<tr>\n<td width=\"20%\">Neck Finish:<\/td>\n<td width=\"80%\">Satin<\/td>\n<\/tr>\n<tr>\n<td width=\"20%\">Fingerboard:<\/td>\n<td width=\"80%\">Amaranth<\/td>\n<\/tr>\n<tr>\n<td width=\"20%\">Position Inlays:<\/td>\n<td width=\"80%\">Pearloid Sharkfin<\/td>\n<\/tr>\n<\/tbody>\n<\/table>\n<\/div>\n<\/div>\n<hr \/>\n<h3>ELECTRONICS<\/h3>\n<div class=\"row-fluid\">\n<div id=\"spec_category_table_electronics\" class=\"spec_category_table span12 text-left\">\n<table class=\"table table-striped\" style=\"width: 100%;\">\n<tbody>\n<tr>\n<td width=\"20%\">Bridge Pickup:<\/td>\n<td width=\"80%\">Jackson\u00ae High Output Humbucking<\/td>\n<\/tr>\n<tr>\n<td width=\"20%\">Neck Pickup:<\/td>\n<td width=\"80%\">Jackson\u00ae High Output Humbucking<\/td>\n<\/tr>\n<tr>\n<td width=\"20%\">Controls:<\/td>\n<td width=\"80%\">Master Volume, Master Tone<\/td>\n<\/tr>\n<tr>\n<td width=\"20%\">Pickup Switching:<\/td>\n<td width=\"80%\">3-Position Toggle: Position 1. Bridge Pickup, Position 2. Bridge and Neck Pickups, Position 3. Neck Pickup<\/td>\n<\/tr>\n<tr>\n<td width=\"20%\">Pickup Configuration:<\/td>\n<td width=\"80%\">HH<\/td>\n<\/tr>\n<\/tbody>\n<\/table>\n<\/div>\n<\/div>\n<hr \/>\n<h3>HARDWARE<\/h3>\n<div class=\"row-fluid\">\n<div id=\"spec_category_table_hardware\" class=\"spec_category_table span12 text-left\">\n<table class=\"table table-striped\" style=\"width: 100%;\">\n<tbody>\n<tr>\n<td width=\"20%\">Bridge:<\/td>\n<td width=\"80%\">Floyd Rose\u00ae Licensed Jackson\u00ae Double Locking Tremolo<\/td>\n<\/tr>\n<tr>\n<td width=\"20%\">Tuning Machines:<\/td>\n<td width=\"80%\">Jackson\u00ae Sealed Die-Cast<\/td>\n<\/tr>\n<tr>\n<td width=\"20%\">Orientation:<\/td>\n<td width=\"80%\">Right-Hand<\/td>\n<\/tr>\n<tr>\n<td width=\"20%\">Pickguard:<\/td>\n<td width=\"80%\">None<\/td>\n<\/tr>\n<tr>\n<td width=\"20%\">Control Knobs:<\/td>\n<td width=\"80%\">Dome Style<\/td>\n<\/tr>\n<\/tbody>\n<\/table>\n<\/div>\n<\/div>\n<hr \/>\n<h3>MISCELLANEOUS<\/h3>\n<div class=\"row-fluid\">\n<div id=\"spec_category_table_miscellaneous\" class=\"spec_category_table span12 text-left\">\n<table class=\"table table-striped\" style=\"width: 100%;\">\n<tbody>\n<tr>\n<td width=\"20%\">Strings:<\/td>\n<td width=\"80%\">NPS, .009-.042 Gauges<\/td>\n<\/tr>\n<tr>\n<td width=\"20%\">Unique Features:<\/td>\n<td width=\"80%\">White Binding on Neck and Headstock, Black Hardware and &#8220;Zebra&#8221; Style Pickup Covers<\/td>\n<\/tr>\n<\/tbody>\n<\/table>\n<\/div>\n<\/div>\n","protected":false},"excerpt":{"rendered":"<p style=\"text-align: justify;\">La temible King V\u2122 JS32 tiene un cuerpo de \u00e1lamo (poplar), m\u00e1stil de arce (maple) con refuerzo de grafito, diapas\u00f3n de amaranto (amaranth) y radio compuesto (12&#8243;-16&#8243;) con 24 trastes jumbo e incrustaciones de aleta de tibur\u00f3n perladas y clavijero unido. Otras caracter\u00edsticas incluyen dos c\u00e1psulas humbucker Jackson de alta potencia con imanes cer\u00e1micos y palanca de selector de tres v\u00edas, tr\u00e9molo con bloqueo doble marca Jackson, hardware negro y clavijeros met\u00e1licos de fundici\u00f3n.<\/p>\n","protected":false},"featured_media":37356,"comment_status":"open","ping_status":"closed","template":"","meta":[],"product_brand":[],"product_cat":[530,131,143,124,138],"product_tag":[],"class_list":{"0":"post-46748","1":"product","2":"type-product","3":"status-publish","4":"has-post-thumbnail","6":"product_cat-ofertas-4","7":"product_cat-jackson-guitarras","8":"product_cat-king-v","9":"product_cat-guitarras-electricas","10":"product_cat-js-series","12":"first","13":"instock","14":"sale","15":"shipping-taxable","16":"purchasable","17":"product-type-simple"},"_links":{"self":[{"href":"https:\/\/caralmusic.cl\/caral\/wp-json\/wp\/v2\/product\/46748","targetHints":{"allow":["GET"]}}],"collection":[{"href":"https:\/\/caralmusic.cl\/caral\/wp-json\/wp\/v2\/product"}],"about":[{"href":"https:\/\/caralmusic.cl\/caral\/wp-json\/wp\/v2\/types\/product"}],"replies":[{"embeddable":true,"href":"https:\/\/caralmusic.cl\/caral\/wp-json\/wp\/v2\/comments?post=46748"}],"wp:featuredmedia":[{"embeddable":true,"href":"https:\/\/caralmusic.cl\/caral\/wp-json\/wp\/v2\/media\/37356"}],"wp:attachment":[{"href":"https:\/\/caralmusic.cl\/caral\/wp-json\/wp\/v2\/media?parent=46748"}],"wp:term":[{"taxonomy":"product_brand","embeddable":true,"href":"https:\/\/caralmusic.cl\/caral\/wp-json\/wp\/v2\/product_brand?post=46748"},{"taxonomy":"product_cat","embeddable":true,"href":"https:\/\/caralmusic.cl\/caral\/wp-json\/wp\/v2\/product_cat?post=46748"},{"taxonomy":"product_tag","embeddable":true,"href":"https:\/\/caralmusic.cl\/caral\/wp-json\/wp\/v2\/product_tag?post=46748"}],"curies":[{"name":"wp","href":"https:\/\/api.w.org\/{rel}","templated":true}]}}