{"id":51359,"date":"2026-01-18T17:06:27","date_gmt":"2026-01-18T17:06:27","guid":{"rendered":"https:\/\/caralmusic.cl\/caral\/?post_type=product&#038;p=51359"},"modified":"2026-03-23T21:50:34","modified_gmt":"2026-03-23T21:50:34","slug":"jackson-dinky-arch-top-dkam-js24-serie-js-2","status":"publish","type":"product","link":"https:\/\/caralmusic.cl\/caral\/product\/jackson-dinky-arch-top-dkam-js24-serie-js-2\/","title":{"rendered":"Jackson Dinky\u2122 Arch Top DKAM JS24 Serie JS"},"content":{"rendered":"<h3>GENERAL<\/h3>\n<div class=\"row-fluid\">\n<div id=\"spec_category_table_general\" class=\"spec_category_table span12 text-left\">\n<table class=\"table table-striped\" style=\"width: 100%;\">\n<tbody>\n<tr>\n<td width=\"20%\">Nombre Modelo:<\/td>\n<td width=\"80%\">JS Series Dinky\u00ae Arch Top JS24 DKAM, Caramelized Maple Fingerboard, Black Stain<\/td>\n<\/tr>\n<tr>\n<td width=\"20%\">N\u00famero Modelo:<\/td>\n<td width=\"80%\">2910339585<\/td>\n<\/tr>\n<tr>\n<td width=\"20%\">Serie:<\/td>\n<td width=\"80%\">JS Series<\/td>\n<\/tr>\n<tr>\n<td width=\"20%\">Color:<\/td>\n<td width=\"80%\">Black Stain<\/td>\n<\/tr>\n<\/tbody>\n<\/table>\n<\/div>\n<\/div>\n<hr \/>\n<h3>CUERPO<\/h3>\n<div class=\"row-fluid\">\n<div id=\"spec_category_table_body\" class=\"spec_category_table span12 text-left\">\n<table class=\"table table-striped\" style=\"width: 100%;\">\n<tbody>\n<tr>\n<td width=\"20%\">Material Cuerpo:<\/td>\n<td width=\"80%\">Caoba (Mahogany)<\/td>\n<\/tr>\n<tr>\n<td width=\"20%\">Acabado Cuerpo:<\/td>\n<td width=\"80%\">Satinado<\/td>\n<\/tr>\n<tr>\n<td width=\"20%\">Forma Cuerpo:<\/td>\n<td width=\"80%\">Dinky\u00ae<\/td>\n<\/tr>\n<\/tbody>\n<\/table>\n<\/div>\n<\/div>\n<hr \/>\n<h3>M\u00c1STIL<\/h3>\n<div class=\"row-fluid\">\n<div id=\"spec_category_table_neck\" class=\"spec_category_table span12 text-left\">\n<table class=\"table table-striped\" style=\"width: 100%;\">\n<tbody>\n<tr>\n<td width=\"20%\">Material M\u00e1stil:<\/td>\n<td width=\"80%\">Arce (Maple)<\/td>\n<\/tr>\n<tr>\n<td width=\"20%\">Tipo M\u00e1stil:<\/td>\n<td width=\"80%\">M\u00e1stil apernado con refuerzo de grafito<\/td>\n<\/tr>\n<tr>\n<td width=\"20%\">Ribete M\u00e1stil:<\/td>\n<td width=\"80%\">Blanco<\/td>\n<\/tr>\n<tr>\n<td width=\"20%\">Longitud Escala:<\/td>\n<td width=\"80%\">25.5&#8243; (64.8 cm)<\/td>\n<\/tr>\n<tr>\n<td width=\"20%\">Diapas\u00f3n:<\/td>\n<td width=\"80%\">Arce (Maple) caramelizado<\/td>\n<\/tr>\n<tr>\n<td width=\"20%\">Radio Diapas\u00f3n:<\/td>\n<td width=\"80%\">Radio compuesto 12&#8243; a 16&#8243; (304.8 mm a 406.4 mm)<\/td>\n<\/tr>\n<tr>\n<td width=\"20%\">N\u00famero Trastes:<\/td>\n<td width=\"80%\">24<\/td>\n<\/tr>\n<tr>\n<td width=\"20%\">Tama\u00f1ao Trastes:<\/td>\n<td width=\"80%\">Jumbo<\/td>\n<\/tr>\n<tr>\n<td width=\"20%\">Ancho Cejilla:<\/td>\n<td width=\"80%\">1.6875&#8243; (42.8 mm)<\/td>\n<\/tr>\n<tr>\n<td width=\"20%\">Marcas Posici\u00f3n:<\/td>\n<td width=\"80%\">Aletas de tibur\u00f3n negras<\/td>\n<\/tr>\n<tr>\n<td width=\"20%\">Pala:<\/td>\n<td width=\"80%\">Jackson\u00ae puntiaguda 6 en l\u00ednea<\/td>\n<\/tr>\n<\/tbody>\n<\/table>\n<\/div>\n<\/div>\n<hr \/>\n<h3>ELECTR\u00d3NICA<\/h3>\n<div class=\"row-fluid\">\n<div id=\"spec_category_table_electronics\" class=\"spec_category_table span12 text-left\">\n<table class=\"table table-striped\" style=\"width: 100%;\">\n<tbody>\n<tr>\n<td width=\"20%\">C\u00e1psula Puente:<\/td>\n<td width=\"80%\">Jackson\u00ae High-Output Humbucking<\/td>\n<\/tr>\n<tr>\n<td width=\"20%\">C\u00e1psula M\u00e1stil:<\/td>\n<td width=\"80%\">Jackson\u00ae High-Output Humbucking<\/td>\n<\/tr>\n<tr>\n<td width=\"20%\">Selecci\u00f3n C\u00e1psulas:<\/td>\n<td width=\"80%\">Selector de 3 posiciones: Posici\u00f3n 1. C\u00e1psula de Puente, Posici\u00f3n 2. C\u00e1psulas de Puente y M\u00e1stil, Posici\u00f3n 3. C\u00e1psula de M\u00e1stil<\/td>\n<\/tr>\n<tr>\n<td width=\"20%\">Configuraci\u00f3n C\u00e1psulas:<\/td>\n<td width=\"80%\">HH<\/td>\n<\/tr>\n<\/tbody>\n<\/table>\n<\/div>\n<\/div>\n<hr \/>\n<h3>HARDWARE<\/h3>\n<div class=\"row-fluid\">\n<div id=\"spec_category_table_hardware\" class=\"spec_category_table span12 text-left\">\n<table class=\"table table-striped\" style=\"width: 100%;\">\n<tbody>\n<tr>\n<td width=\"20%\">Puente:<\/td>\n<td width=\"80%\">Tr\u00e9molo Fulcrum de 2 puntos<\/td>\n<\/tr>\n<tr>\n<td width=\"20%\">Clavijeros:<\/td>\n<td width=\"80%\">Jackson\u00ae de fundici\u00f3n<\/td>\n<\/tr>\n<\/tbody>\n<\/table>\n<\/div>\n<\/div>\n<hr \/>\n<h3>VARIOS<\/h3>\n<div class=\"row-fluid\">\n<div id=\"spec_category_table_miscellaneous\" class=\"spec_category_table span12 text-left\">\n<table class=\"table table-striped\" style=\"width: 100%;\">\n<tbody>\n<tr>\n<td width=\"20%\">Cuerdas:<\/td>\n<td width=\"80%\">Nickel Plated Steel (Calibres .009-.042)<\/td>\n<\/tr>\n<\/tbody>\n<\/table>\n<\/div>\n<\/div>\n","protected":false},"excerpt":{"rendered":"<p style=\"text-align: justify;\">La Dinky DKAM JS24 tiene un elegante cuerpo de okoume, con m\u00e1stil apernado de arce (maple) con refuerzo de grafito, diapas\u00f3n de arce (maple) de radio compuesto (12&#8243;-16&#8243;) con 24 trastes jumbo e incrustaciones negras tipo aleta de tibur\u00f3n. Otras caracter\u00edsticas incluyen dos c\u00e1psulas humbucker de Jackson con alta salida y selector de tres posiciones, puente fulcrum con tr\u00e9molo sincronizado, hardware negro y clavijeros de fundici\u00f3n.<\/p>\n","protected":false},"featured_media":51360,"comment_status":"open","ping_status":"closed","template":"","meta":[],"product_brand":[],"product_cat":[530,131,96,124,138],"product_tag":[],"class_list":{"0":"post-51359","1":"product","2":"type-product","3":"status-publish","4":"has-post-thumbnail","6":"product_cat-ofertas-4","7":"product_cat-jackson-guitarras","8":"product_cat-dinky-jackson","9":"product_cat-guitarras-electricas","10":"product_cat-js-series","12":"first","13":"outofstock","14":"sale","15":"shipping-taxable","16":"purchasable","17":"product-type-simple"},"_links":{"self":[{"href":"https:\/\/caralmusic.cl\/caral\/wp-json\/wp\/v2\/product\/51359","targetHints":{"allow":["GET"]}}],"collection":[{"href":"https:\/\/caralmusic.cl\/caral\/wp-json\/wp\/v2\/product"}],"about":[{"href":"https:\/\/caralmusic.cl\/caral\/wp-json\/wp\/v2\/types\/product"}],"replies":[{"embeddable":true,"href":"https:\/\/caralmusic.cl\/caral\/wp-json\/wp\/v2\/comments?post=51359"}],"wp:featuredmedia":[{"embeddable":true,"href":"https:\/\/caralmusic.cl\/caral\/wp-json\/wp\/v2\/media\/51360"}],"wp:attachment":[{"href":"https:\/\/caralmusic.cl\/caral\/wp-json\/wp\/v2\/media?parent=51359"}],"wp:term":[{"taxonomy":"product_brand","embeddable":true,"href":"https:\/\/caralmusic.cl\/caral\/wp-json\/wp\/v2\/product_brand?post=51359"},{"taxonomy":"product_cat","embeddable":true,"href":"https:\/\/caralmusic.cl\/caral\/wp-json\/wp\/v2\/product_cat?post=51359"},{"taxonomy":"product_tag","embeddable":true,"href":"https:\/\/caralmusic.cl\/caral\/wp-json\/wp\/v2\/product_tag?post=51359"}],"curies":[{"name":"wp","href":"https:\/\/api.w.org\/{rel}","templated":true}]}}