{"id":51879,"date":"2026-04-10T16:25:39","date_gmt":"2026-04-10T16:25:39","guid":{"rendered":"https:\/\/caralmusic.cl\/caral\/?post_type=product&#038;p=51879"},"modified":"2026-04-21T21:36:23","modified_gmt":"2026-04-21T21:36:23","slug":"fender-pack-cc-60s-concert-all-mahogany","status":"publish","type":"product","link":"https:\/\/caralmusic.cl\/caral\/product\/fender-pack-cc-60s-concert-all-mahogany\/","title":{"rendered":"Fender Pack CC-60S Concert All Mahogany"},"content":{"rendered":"<div class=\"row-fluid\">\n<div id=\"spec_category_image_general\" class=\"spec_category_image span3 text-center\">\n<h3>General<\/h3>\n<\/div>\n<div id=\"spec_category_table_general\" class=\"spec_category_table span9 text-left\">\n<table class=\"table table-striped\" style=\"width: 100%;\">\n<tbody>\n<tr>\n<td width=\"20%\">Model Name:<\/td>\n<td width=\"80%\">Pack CC-60S Concert, Walnut Fingerboard, All Mahogany<\/td>\n<\/tr>\n<tr>\n<td width=\"20%\">Model Number:<\/td>\n<td width=\"80%\">970150422<\/td>\n<\/tr>\n<tr>\n<td width=\"20%\">Series:<\/td>\n<td width=\"80%\">Classic Design<\/td>\n<\/tr>\n<tr>\n<td width=\"20%\">Color:<\/td>\n<td width=\"80%\">All Mahogany<\/td>\n<\/tr>\n<\/tbody>\n<\/table>\n<\/div>\n<\/div>\n<hr \/>\n<div class=\"row-fluid\">\n<div id=\"spec_category_image_body\" class=\"spec_category_image span3 text-center\">\n<h3>Body<\/h3>\n<\/div>\n<div id=\"spec_category_table_body\" class=\"spec_category_table span9 text-left\">\n<table class=\"table table-striped\" style=\"width: 100%;\">\n<tbody>\n<tr>\n<td width=\"20%\">Body Shape:<\/td>\n<td width=\"80%\">Concert Cutaway<\/td>\n<\/tr>\n<tr>\n<td width=\"20%\">Bracing:<\/td>\n<td width=\"80%\">Quartersawn Scalloped &#8220;X&#8221;<\/td>\n<\/tr>\n<tr>\n<td width=\"20%\">Rosette:<\/td>\n<td width=\"80%\">Acr\u00edlico perlado serie CD<\/td>\n<\/tr>\n<tr>\n<td width=\"20%\">Body Material:<\/td>\n<td width=\"80%\">Abeto (Spruce) s\u00f3lido con costados y fondo de Caoba (Mahogany) laminada<\/td>\n<\/tr>\n<tr>\n<td width=\"20%\">Body Finish:<\/td>\n<td width=\"80%\">Poliuretano brillante<\/td>\n<\/tr>\n<tr>\n<td width=\"20%\">Body Back:<\/td>\n<td width=\"80%\">Caoba (Mahogany) laminada<\/td>\n<\/tr>\n<tr>\n<td width=\"20%\">Body Sides:<\/td>\n<td width=\"80%\">Caoba (Mahogany) laminada<\/td>\n<\/tr>\n<tr>\n<td width=\"20%\">Body Top:<\/td>\n<td width=\"80%\">Abeto (Spruce) s\u00f3lido<\/td>\n<\/tr>\n<\/tbody>\n<\/table>\n<\/div>\n<\/div>\n<hr \/>\n<div class=\"row-fluid\">\n<div id=\"spec_category_image_neck\" class=\"spec_category_image span3 text-center\">\n<h3>Neck<\/h3>\n<\/div>\n<div id=\"spec_category_table_neck\" class=\"spec_category_table span9 text-left\">\n<table class=\"table table-striped\" style=\"width: 100%;\">\n<tbody>\n<tr>\n<td width=\"20%\">Neck Material:<\/td>\n<td width=\"80%\">Caoba (Mahogany)<\/td>\n<\/tr>\n<tr>\n<td width=\"20%\">Neck Shape:<\/td>\n<td width=\"80%\">Fender\u00ae\u00a0&#8220;Easy-to-Play&#8221; shape with rolled fretboard edges<\/td>\n<\/tr>\n<tr>\n<td width=\"20%\">Neck Binding:<\/td>\n<td width=\"80%\">Negro<\/td>\n<\/tr>\n<tr>\n<td width=\"20%\">Scale Length:<\/td>\n<td width=\"80%\">25.3&#8243; (643 mm)<\/td>\n<\/tr>\n<tr>\n<td width=\"20%\">Fingerboard Radius:<\/td>\n<td width=\"80%\">12&#8243; (305 mm)<\/td>\n<\/tr>\n<tr>\n<td width=\"20%\">Number of Frets:<\/td>\n<td width=\"80%\">20<\/td>\n<\/tr>\n<tr>\n<td width=\"20%\">String Nut:<\/td>\n<td width=\"80%\">Cr\u00e8me Plastic<\/td>\n<\/tr>\n<tr>\n<td width=\"20%\">Nut Width:<\/td>\n<td width=\"80%\">1.69&#8243; (43 mm)<\/td>\n<\/tr>\n<tr>\n<td width=\"20%\">Neck Finish:<\/td>\n<td width=\"80%\">Brillante<\/td>\n<\/tr>\n<tr>\n<td width=\"20%\">Fingerboard:<\/td>\n<td width=\"80%\">Nogal (Walnut)<\/td>\n<\/tr>\n<tr>\n<td width=\"20%\">Position Inlays:<\/td>\n<td width=\"80%\">Puntos perlados de 3mm<\/td>\n<\/tr>\n<\/tbody>\n<\/table>\n<\/div>\n<\/div>\n<hr \/>\n<div class=\"row-fluid\">\n<div id=\"spec_category_image_hardware\" class=\"spec_category_image span3 text-center\">\n<h3>Hardware<\/h3>\n<\/div>\n<div id=\"spec_category_table_hardware\" class=\"spec_category_table span9 text-left\">\n<table class=\"table table-striped\" style=\"width: 100%;\">\n<tbody>\n<tr>\n<td width=\"20%\">Bridge:<\/td>\n<td width=\"80%\">Nogal (Walnut)<\/td>\n<\/tr>\n<tr>\n<td width=\"20%\">Tuning Machines:<\/td>\n<td width=\"80%\">Cromo<\/td>\n<\/tr>\n<tr>\n<td width=\"20%\">Orientation:<\/td>\n<td width=\"80%\">Diestra<\/td>\n<\/tr>\n<tr>\n<td width=\"20%\">Pickguard:<\/td>\n<td width=\"80%\">Negro de 1 capa<\/td>\n<\/tr>\n<\/tbody>\n<\/table>\n<\/div>\n<\/div>\n<hr \/>\n<div class=\"row-fluid\">\n<div id=\"spec_category_image_miscellaneous\" class=\"spec_category_image span3 text-center\">\n<h3>Miscellaneous<\/h3>\n<\/div>\n<div id=\"spec_category_table_miscellaneous\" class=\"spec_category_table span9 text-left\">\n<table class=\"table table-striped\" style=\"width: 100%;\">\n<tbody>\n<tr>\n<td width=\"20%\">Strings:<\/td>\n<td width=\"80%\">Fender\u00ae Dura-Tone\u00ae Coated 80\/20 Bronze (.012-.052 Gauge)<\/td>\n<\/tr>\n<tr>\n<td width=\"20%\">Unique Features:<\/td>\n<td width=\"80%\">Dual Action Truss Rod, 3mm Dot Position Inlays, Black Pickguard, White Bridge Pins, and CD Series Pearloid Rosette<\/td>\n<\/tr>\n<\/tbody>\n<\/table>\n<\/div>\n<\/div>\n","protected":false},"excerpt":{"rendered":"<p style=\"text-align: justify;\">Una gran opci\u00f3n para el incipiente guitarrista y cantante, el nuevo Pack CC-60S brilla cuando lo tocas. Posee caracter\u00edsticas actualizadas que los\u00a0guitarristas de todo nivel seguro les encantar\u00e1, incluyendo una s\u00f3lida tapa de abeto, un confortable diapas\u00f3n walnut (nogal) con bordes rolados y un nueva forma de brazo, f\u00e1cil de tocar.<\/p>\n<p>Pack incluye Guitarra Ac\u00fastica, Funda, correa, set de cuerdas y u\u00f1etas.<\/p>\n","protected":false},"featured_media":51880,"comment_status":"open","ping_status":"closed","template":"","meta":[],"product_brand":[],"product_cat":[123,541,76,24],"product_tag":[],"class_list":{"0":"post-51879","1":"product","2":"type-product","3":"status-publish","4":"has-post-thumbnail","6":"product_cat-guitarras-acusticas","7":"product_cat-fender-acusticas","8":"product_cat-classic-design","9":"product_cat-acusticos","11":"first","12":"instock","13":"sale","14":"shipping-taxable","15":"purchasable","16":"product-type-simple"},"_links":{"self":[{"href":"https:\/\/caralmusic.cl\/caral\/wp-json\/wp\/v2\/product\/51879","targetHints":{"allow":["GET"]}}],"collection":[{"href":"https:\/\/caralmusic.cl\/caral\/wp-json\/wp\/v2\/product"}],"about":[{"href":"https:\/\/caralmusic.cl\/caral\/wp-json\/wp\/v2\/types\/product"}],"replies":[{"embeddable":true,"href":"https:\/\/caralmusic.cl\/caral\/wp-json\/wp\/v2\/comments?post=51879"}],"wp:featuredmedia":[{"embeddable":true,"href":"https:\/\/caralmusic.cl\/caral\/wp-json\/wp\/v2\/media\/51880"}],"wp:attachment":[{"href":"https:\/\/caralmusic.cl\/caral\/wp-json\/wp\/v2\/media?parent=51879"}],"wp:term":[{"taxonomy":"product_brand","embeddable":true,"href":"https:\/\/caralmusic.cl\/caral\/wp-json\/wp\/v2\/product_brand?post=51879"},{"taxonomy":"product_cat","embeddable":true,"href":"https:\/\/caralmusic.cl\/caral\/wp-json\/wp\/v2\/product_cat?post=51879"},{"taxonomy":"product_tag","embeddable":true,"href":"https:\/\/caralmusic.cl\/caral\/wp-json\/wp\/v2\/product_tag?post=51879"}],"curies":[{"name":"wp","href":"https:\/\/api.w.org\/{rel}","templated":true}]}}