{"id":51917,"date":"2026-04-18T22:24:34","date_gmt":"2026-04-18T22:24:34","guid":{"rendered":"https:\/\/caralmusic.cl\/caral\/?post_type=product&#038;p=51917"},"modified":"2026-04-21T20:27:44","modified_gmt":"2026-04-21T20:27:44","slug":"squier-telecaster-debut-4","status":"publish","type":"product","link":"https:\/\/caralmusic.cl\/caral\/product\/squier-telecaster-debut-4\/","title":{"rendered":"Squier Telecaster\u00ae Debut"},"content":{"rendered":"<div class=\"row-fluid\">\n<div id=\"spec_category_image_general\" class=\"spec_category_image span3 text-center\">\n<h3>General<\/h3>\n<\/div>\n<div id=\"spec_category_table_general\" class=\"spec_category_table span9 text-left\">\n<table class=\"table table-striped\" style=\"width: 100%;\">\n<tbody>\n<tr>\n<td width=\"20%\">Nombre del Modelo:<\/td>\n<td width=\"80%\">Squier Debut\u2122 Telecaster\u00ae, Laurel Fingerboard, Sea Foam Green<\/td>\n<\/tr>\n<tr>\n<td width=\"20%\">N\u00famero del Modelo:<\/td>\n<td width=\"80%\">0379670549<\/td>\n<\/tr>\n<tr>\n<td width=\"20%\">Serie:<\/td>\n<td width=\"80%\">Debut\u2122<\/td>\n<\/tr>\n<tr>\n<td width=\"20%\">Color:<\/td>\n<td width=\"80%\">Sea Foam Green<\/td>\n<\/tr>\n<\/tbody>\n<\/table>\n<\/div>\n<\/div>\n<hr \/>\n<div class=\"row-fluid\"><\/div>\n<div class=\"spec_category_table span9 text-left\">\n<ul>\n<li>Dise\u00f1o cl\u00e1sico e ic\u00f3nico de Fender<\/li>\n<li>Pastillas de bobina simple Squier<\/li>\n<li>Puente de tr\u00e9molo con brazo desmontable<\/li>\n<li>clavijas de engranaje sellado<\/li>\n<li>Hardware cromado<\/li>\n<\/ul>\n<\/div>\n","protected":false},"excerpt":{"rendered":"<p>Dise\u00f1ada por Fender\u00ae en California, la Telecaster\u00ae Debut Collection\u2122 es un icono del rock &amp; roll que combina un m\u00e1stil con perfil &#8220;Slim C&#8221; y un cuerpo delgado y ligero para ofrecer gran comodidad al tocar. Las dos pastillas de bobina simple con selector de 3 posiciones ofrecen toda la versatilidad de los tonos cl\u00e1sicos de una Tele\u00ae. Este modelo se completa con un puente fijo para una mayor estabilidad en la afinaci\u00f3n, clavijas de engranaje sellado que garantizan una afinaci\u00f3n fluida y precisa y hardware cromado resistente que refuerza su aspecto premium.<\/p>\n","protected":false},"featured_media":51918,"comment_status":"open","ping_status":"closed","template":"","meta":[],"product_brand":[],"product_cat":[202,524,124],"product_tag":[],"class_list":{"0":"post-51917","1":"product","2":"type-product","3":"status-publish","4":"has-post-thumbnail","6":"product_cat-squier-guitarras","7":"product_cat-squier-telecaster","8":"product_cat-guitarras-electricas","10":"first","11":"instock","12":"sale","13":"shipping-taxable","14":"purchasable","15":"product-type-simple"},"_links":{"self":[{"href":"https:\/\/caralmusic.cl\/caral\/wp-json\/wp\/v2\/product\/51917","targetHints":{"allow":["GET"]}}],"collection":[{"href":"https:\/\/caralmusic.cl\/caral\/wp-json\/wp\/v2\/product"}],"about":[{"href":"https:\/\/caralmusic.cl\/caral\/wp-json\/wp\/v2\/types\/product"}],"replies":[{"embeddable":true,"href":"https:\/\/caralmusic.cl\/caral\/wp-json\/wp\/v2\/comments?post=51917"}],"wp:featuredmedia":[{"embeddable":true,"href":"https:\/\/caralmusic.cl\/caral\/wp-json\/wp\/v2\/media\/51918"}],"wp:attachment":[{"href":"https:\/\/caralmusic.cl\/caral\/wp-json\/wp\/v2\/media?parent=51917"}],"wp:term":[{"taxonomy":"product_brand","embeddable":true,"href":"https:\/\/caralmusic.cl\/caral\/wp-json\/wp\/v2\/product_brand?post=51917"},{"taxonomy":"product_cat","embeddable":true,"href":"https:\/\/caralmusic.cl\/caral\/wp-json\/wp\/v2\/product_cat?post=51917"},{"taxonomy":"product_tag","embeddable":true,"href":"https:\/\/caralmusic.cl\/caral\/wp-json\/wp\/v2\/product_tag?post=51917"}],"curies":[{"name":"wp","href":"https:\/\/api.w.org\/{rel}","templated":true}]}}