{"id":51934,"date":"2026-04-19T01:51:56","date_gmt":"2026-04-19T01:51:56","guid":{"rendered":"https:\/\/caralmusic.cl\/caral\/?post_type=product&#038;p=51934"},"modified":"2026-04-21T23:37:02","modified_gmt":"2026-04-21T23:37:02","slug":"fender-cd-60sce-all-mahogany","status":"publish","type":"product","link":"https:\/\/caralmusic.cl\/caral\/product\/fender-cd-60sce-all-mahogany\/","title":{"rendered":"Fender CD-60SCE All Mahogany"},"content":{"rendered":"<div class=\"row-fluid\">\n<div id=\"spec_category_image_general\" class=\"spec_category_image span3 text-center\">\n<h3>General<\/h3>\n<\/div>\n<div id=\"spec_category_table_general\" class=\"spec_category_table span9 text-left\">\n<table class=\"table table-striped\" style=\"width: 100%;\">\n<tbody>\n<tr>\n<td width=\"20%\">Model Name:<\/td>\n<td width=\"80%\">CD-60SCE, All Mahogany<\/td>\n<\/tr>\n<tr>\n<td width=\"20%\">Model Number:<\/td>\n<td width=\"80%\">970113022<\/td>\n<\/tr>\n<tr>\n<td width=\"20%\">Series:<\/td>\n<td width=\"80%\">Classic Design<\/td>\n<\/tr>\n<tr>\n<td width=\"20%\">Color:<\/td>\n<td width=\"80%\">All Mahogany<\/td>\n<\/tr>\n<\/tbody>\n<\/table>\n<\/div>\n<\/div>\n<hr \/>\n<div class=\"row-fluid\">\n<div id=\"spec_category_image_body\" class=\"spec_category_image span3 text-center\">\n<h3>Body<\/h3>\n<\/div>\n<div id=\"spec_category_table_body\" class=\"spec_category_table span9 text-left\">\n<table class=\"table table-striped\" style=\"width: 100%;\">\n<tbody>\n<tr>\n<td width=\"20%\">Body Shape:<\/td>\n<td width=\"80%\">Dreadnought<\/td>\n<\/tr>\n<tr>\n<td width=\"20%\">Bracing:<\/td>\n<td width=\"80%\">Scalloped X<\/td>\n<\/tr>\n<tr>\n<td width=\"20%\">Rosette:<\/td>\n<td width=\"80%\">CD Series Pearloid Acrylic<\/td>\n<\/tr>\n<tr>\n<td width=\"20%\">Body Material:<\/td>\n<td width=\"80%\">Solid Spruce Top with Mahogany Back and Sides<\/td>\n<\/tr>\n<tr>\n<td width=\"20%\">Body Finish:<\/td>\n<td width=\"80%\">Gloss Polyurethane<\/td>\n<\/tr>\n<tr>\n<td width=\"20%\">Body Back:<\/td>\n<td width=\"80%\">Mahogany<\/td>\n<\/tr>\n<tr>\n<td width=\"20%\">Body Sides:<\/td>\n<td width=\"80%\">Mahogany<\/td>\n<\/tr>\n<tr>\n<td width=\"20%\">Body Top:<\/td>\n<td width=\"80%\">Solid Spruce<\/td>\n<\/tr>\n<\/tbody>\n<\/table>\n<\/div>\n<\/div>\n<hr \/>\n<div class=\"row-fluid\">\n<div id=\"spec_category_image_neck\" class=\"spec_category_image span3 text-center\">\n<h3>Neck<\/h3>\n<\/div>\n<div id=\"spec_category_table_neck\" class=\"spec_category_table span9 text-left\">\n<table class=\"table table-striped\" style=\"width: 100%;\">\n<tbody>\n<tr>\n<td width=\"20%\">Neck Material:<\/td>\n<td width=\"80%\">Mahogany<\/td>\n<\/tr>\n<tr>\n<td width=\"20%\">Neck Shape:<\/td>\n<td width=\"80%\">Fender\u00ae\u00a0&#8220;Easy-to-Play&#8221; shape with rolled fretboard edges<\/td>\n<\/tr>\n<tr>\n<td width=\"20%\">Neck Binding:<\/td>\n<td width=\"80%\">Black<\/td>\n<\/tr>\n<tr>\n<td width=\"20%\">Scale Length:<\/td>\n<td width=\"80%\">25.3&#8243; (643 mm)<\/td>\n<\/tr>\n<tr>\n<td width=\"20%\">Fingerboard Radius:<\/td>\n<td width=\"80%\">12&#8243; (305 mm)<\/td>\n<\/tr>\n<tr>\n<td width=\"20%\">Number of Frets:<\/td>\n<td width=\"80%\">20<\/td>\n<\/tr>\n<tr>\n<td width=\"20%\">String Nut:<\/td>\n<td width=\"80%\">Cr\u00e8me Plastic<\/td>\n<\/tr>\n<tr>\n<td width=\"20%\">Nut Width:<\/td>\n<td width=\"80%\">1.69&#8243; (43 mm)<\/td>\n<\/tr>\n<tr>\n<td width=\"20%\">Neck Finish:<\/td>\n<td width=\"80%\">Gloss<\/td>\n<\/tr>\n<tr>\n<td width=\"20%\">Fingerboard:<\/td>\n<td width=\"80%\">Nogal (Walnut)<\/td>\n<\/tr>\n<tr>\n<td width=\"20%\">Position Inlays:<\/td>\n<td width=\"80%\">3mm Pearloid Dot<\/td>\n<\/tr>\n<\/tbody>\n<\/table>\n<\/div>\n<\/div>\n<hr \/>\n<div class=\"row-fluid\">\n<div id=\"spec_category_image_electronics\" class=\"spec_category_image span3 text-center\">\n<h3>Electronics<\/h3>\n<\/div>\n<div id=\"spec_category_table_electronics\" class=\"spec_category_table span9 text-left\">\n<table class=\"table table-striped\" style=\"width: 100%;\">\n<tbody>\n<tr>\n<td width=\"20%\">Special Electronics:<\/td>\n<td width=\"80%\">Fishman\u00ae CD Preamp and Tuner<\/td>\n<\/tr>\n<tr>\n<td width=\"20%\">Controls:<\/td>\n<td width=\"80%\">Volume, Bass, Treble<\/td>\n<\/tr>\n<\/tbody>\n<\/table>\n<\/div>\n<\/div>\n<hr \/>\n<div class=\"row-fluid\">\n<div id=\"spec_category_image_hardware\" class=\"spec_category_image span3 text-center\">\n<h3>Hardware<\/h3>\n<\/div>\n<div id=\"spec_category_table_hardware\" class=\"spec_category_table span9 text-left\">\n<table class=\"table table-striped\" style=\"width: 100%;\">\n<tbody>\n<tr>\n<td width=\"20%\">Bridge:<\/td>\n<td width=\"80%\">Rosewood<\/td>\n<\/tr>\n<tr>\n<td width=\"20%\">Tuning Machines:<\/td>\n<td width=\"80%\">Chrome<\/td>\n<\/tr>\n<tr>\n<td width=\"20%\">Orientation:<\/td>\n<td width=\"80%\">Right-Hand<\/td>\n<\/tr>\n<tr>\n<td width=\"20%\">Pickguard:<\/td>\n<td width=\"80%\">1-Ply Black<\/td>\n<\/tr>\n<\/tbody>\n<\/table>\n<\/div>\n<\/div>\n<hr \/>\n<div class=\"row-fluid\">\n<div id=\"spec_category_image_miscellaneous\" class=\"spec_category_image span3 text-center\">\n<h3>Miscellaneous<\/h3>\n<\/div>\n<div id=\"spec_category_table_miscellaneous\" class=\"spec_category_table span9 text-left\">\n<table class=\"table table-striped\" style=\"width: 100%;\">\n<tbody>\n<tr>\n<td width=\"20%\">Strings:<\/td>\n<td width=\"80%\">Fender\u00ae Dura-Tone\u00ae Coated 80\/20 Bronze (.012-.052 Gauge)<\/td>\n<\/tr>\n<tr>\n<td width=\"20%\">Unique Features:<\/td>\n<td width=\"80%\">Dual Action Truss Rod, 3mm Dot Position Inlays, Black Pickguard, White Bridge Pins, and CD Series Pearloid Rosette<\/td>\n<\/tr>\n<\/tbody>\n<\/table>\n<\/div>\n<\/div>\n","protected":false},"excerpt":{"rendered":"<p style=\"text-align: justify;\">Combinando una potente electr\u00f3nica, que incluye un afinador incorporado, con gran tono y f\u00e1cil de tocar, la CD-60SCE es ideal para guitarristas principiantes o intermedios que est\u00e9n listos para conectarse. Se caracteriza por un cuerpo con corte veneciano que facilita el acceso a la parte superior de los trastes, una tapa s\u00f3lida de abeto para aumentar el volumen y el sonido n\u00edtido, m\u00e1stil &#8220;f\u00e1cil de tocar&#8221; y parte trasera y costados de caoba, la CD-60SCE es perfecta para el sof\u00e1, la fogata o la cafeter\u00eda.<\/p>\n","protected":false},"featured_media":51935,"comment_status":"open","ping_status":"closed","template":"","meta":[],"product_brand":[],"product_cat":[544,125,76,24],"product_tag":[],"class_list":{"0":"post-51934","1":"product","2":"type-product","3":"status-publish","4":"has-post-thumbnail","6":"product_cat-fender-electroacusticas","7":"product_cat-guitarras-electroacusticas","8":"product_cat-classic-design","9":"product_cat-acusticos","11":"first","12":"instock","13":"sale","14":"shipping-taxable","15":"purchasable","16":"product-type-simple"},"_links":{"self":[{"href":"https:\/\/caralmusic.cl\/caral\/wp-json\/wp\/v2\/product\/51934","targetHints":{"allow":["GET"]}}],"collection":[{"href":"https:\/\/caralmusic.cl\/caral\/wp-json\/wp\/v2\/product"}],"about":[{"href":"https:\/\/caralmusic.cl\/caral\/wp-json\/wp\/v2\/types\/product"}],"replies":[{"embeddable":true,"href":"https:\/\/caralmusic.cl\/caral\/wp-json\/wp\/v2\/comments?post=51934"}],"wp:featuredmedia":[{"embeddable":true,"href":"https:\/\/caralmusic.cl\/caral\/wp-json\/wp\/v2\/media\/51935"}],"wp:attachment":[{"href":"https:\/\/caralmusic.cl\/caral\/wp-json\/wp\/v2\/media?parent=51934"}],"wp:term":[{"taxonomy":"product_brand","embeddable":true,"href":"https:\/\/caralmusic.cl\/caral\/wp-json\/wp\/v2\/product_brand?post=51934"},{"taxonomy":"product_cat","embeddable":true,"href":"https:\/\/caralmusic.cl\/caral\/wp-json\/wp\/v2\/product_cat?post=51934"},{"taxonomy":"product_tag","embeddable":true,"href":"https:\/\/caralmusic.cl\/caral\/wp-json\/wp\/v2\/product_tag?post=51934"}],"curies":[{"name":"wp","href":"https:\/\/api.w.org\/{rel}","templated":true}]}}