{"id":51944,"date":"2026-04-20T21:02:01","date_gmt":"2026-04-20T21:02:01","guid":{"rendered":"https:\/\/caralmusic.cl\/caral\/?post_type=product&#038;p=51944"},"modified":"2026-04-21T20:07:38","modified_gmt":"2026-04-21T20:07:38","slug":"squier-telecaster-sh-fmt-affinity-3","status":"publish","type":"product","link":"https:\/\/caralmusic.cl\/caral\/product\/squier-telecaster-sh-fmt-affinity-3\/","title":{"rendered":"Squier Telecaster\u00ae SH FMT Affinity"},"content":{"rendered":"<div class=\"row-fluid\">\n<div id=\"spec_category_image_general\" class=\"spec_category_image span3 text-center\">\n<h3>General<\/h3>\n<\/div>\n<div id=\"spec_category_table_general\" class=\"spec_category_table span9 text-left\">\n<table class=\"table table-striped\" style=\"width: 100%;\">\n<tbody>\n<tr>\n<td width=\"20%\">Nombre del Modelo:<\/td>\n<td width=\"80%\">Affinity Series\u00ae Telecaster\u00ae FMT SH, Maple Fingerboard, Black Pickguard, Mocha<\/td>\n<\/tr>\n<tr>\n<td width=\"20%\">N\u00famero del Modelo:<\/td>\n<td width=\"80%\">0378283529<\/td>\n<\/tr>\n<tr>\n<td width=\"20%\">Serie:<\/td>\n<td width=\"80%\">Affinity<\/td>\n<\/tr>\n<tr>\n<td width=\"20%\">Color:<\/td>\n<td width=\"80%\">Mocha<\/td>\n<\/tr>\n<\/tbody>\n<\/table>\n<\/div>\n<\/div>\n<hr \/>\n<div class=\"row-fluid\">\n<div id=\"spec_category_image_body\" class=\"spec_category_image span3 text-center\">\n<h3>Cuerpo<\/h3>\n<\/div>\n<div id=\"spec_category_table_body\" class=\"spec_category_table span9 text-left\">\n<table class=\"table table-striped\" style=\"width: 100%;\">\n<tbody>\n<tr>\n<td width=\"20%\">Forma del Cuerpo:<\/td>\n<td width=\"80%\">Telecaster\u00ae<\/td>\n<\/tr>\n<tr>\n<td width=\"20%\">Material del Cuerpo:<\/td>\n<td width=\"80%\">Okoume con tapa de Arce Flameado (Flame Maple)<\/td>\n<\/tr>\n<tr>\n<td width=\"20%\">Acabado del Cuerpo:<\/td>\n<td width=\"80%\">Poliuretano brillante<\/td>\n<\/tr>\n<\/tbody>\n<\/table>\n<\/div>\n<\/div>\n<hr \/>\n<div class=\"row-fluid\">\n<div id=\"spec_category_image_neck\" class=\"spec_category_image span3 text-center\">\n<h3>M\u00e1stil<\/h3>\n<\/div>\n<div id=\"spec_category_table_neck\" class=\"spec_category_table span9 text-left\">\n<table class=\"table table-striped\" style=\"width: 100%;\">\n<tbody>\n<tr>\n<td width=\"20%\">Material del M\u00e1stil:<\/td>\n<td width=\"80%\">Arce (Maple)<\/td>\n<\/tr>\n<tr>\n<td width=\"20%\">Forma del M\u00e1stil:<\/td>\n<td width=\"80%\">&#8220;C&#8221;<\/td>\n<\/tr>\n<tr>\n<td width=\"20%\">Longitud de Escala:<\/td>\n<td width=\"80%\">25.5&#8243; (648 mm)<\/td>\n<\/tr>\n<tr>\n<td width=\"20%\">Radio del Diapas\u00f3n:<\/td>\n<td width=\"80%\">9.5&#8243; (241 mm)<\/td>\n<\/tr>\n<tr>\n<td width=\"20%\">N\u00famero de Trastes:<\/td>\n<td width=\"80%\">21<\/td>\n<\/tr>\n<tr>\n<td width=\"20%\">Tama\u00f1o de Trastes:<\/td>\n<td width=\"80%\">Medianos jumbo<\/td>\n<\/tr>\n<tr>\n<td width=\"20%\">Cejilla:<\/td>\n<td width=\"80%\">Hueso sint\u00e9tico<\/td>\n<\/tr>\n<tr>\n<td width=\"20%\">Ancho de Cejilla:<\/td>\n<td width=\"80%\">1.650&#8243; (42 mm)<\/td>\n<\/tr>\n<tr>\n<td width=\"20%\">Placa del M\u00e1stil:<\/td>\n<td width=\"80%\">Est\u00e1ndar de 4 tornillos<\/td>\n<\/tr>\n<tr>\n<td width=\"20%\">Acabado del M\u00e1stil:<\/td>\n<td width=\"80%\">Uretano satinado en el reverso y brillante en la pala<\/td>\n<\/tr>\n<tr>\n<td width=\"20%\">Diapas\u00f3n:<\/td>\n<td width=\"80%\">Arce (Maple)<\/td>\n<\/tr>\n<tr>\n<td width=\"20%\">Marcas de Posici\u00f3n:<\/td>\n<td width=\"80%\">Puntos perlados<\/td>\n<\/tr>\n<\/tbody>\n<\/table>\n<\/div>\n<\/div>\n<hr \/>\n<div class=\"row-fluid\">\n<div id=\"spec_category_image_electronics\" class=\"spec_category_image span3 text-center\">\n<h3>Electr\u00f3nica<\/h3>\n<\/div>\n<div id=\"spec_category_table_electronics\" class=\"spec_category_table span9 text-left\">\n<table class=\"table table-striped\" style=\"width: 100%;\">\n<tbody>\n<tr>\n<td width=\"20%\">C\u00e1psula del Puente:<\/td>\n<td width=\"80%\">Cer\u00e1mica de bobina simple<\/td>\n<\/tr>\n<tr>\n<td width=\"20%\">C\u00e1psula del M\u00e1stil:<\/td>\n<td width=\"80%\">Cer\u00e1mica Humbucker<\/td>\n<\/tr>\n<tr>\n<td width=\"20%\">Controles:<\/td>\n<td width=\"80%\">Volumen Master, Tono Master<\/td>\n<\/tr>\n<tr>\n<td width=\"20%\">Selector de C\u00e1psulas:<\/td>\n<td width=\"80%\">Interruptor de 3 posiciones: Posici\u00f3n 1. C\u00e1psula de puente, Posici\u00f3n 2. C\u00e1psulas de puente y m\u00e1stil, Posici\u00f3n 3. C\u00e1psula de m\u00e1stil<\/td>\n<\/tr>\n<tr>\n<td width=\"20%\">Configuraci\u00f3n de C\u00e1psulas:<\/td>\n<td width=\"80%\">SH<\/td>\n<\/tr>\n<\/tbody>\n<\/table>\n<\/div>\n<\/div>\n<hr \/>\n<div class=\"row-fluid\">\n<div id=\"spec_category_image_hardware\" class=\"spec_category_image span3 text-center\">\n<h3>Hardware<\/h3>\n<\/div>\n<div id=\"spec_category_table_hardware\" class=\"spec_category_table span9 text-left\">\n<table class=\"table table-striped\" style=\"width: 100%;\">\n<tbody>\n<tr>\n<td width=\"20%\">Puente:<\/td>\n<td width=\"80%\">Puente Tele\u00ae de 6 silletas de acero en bloque con cuerdas a trav\u00e9s del cuerpo<\/td>\n<\/tr>\n<tr>\n<td width=\"20%\">Clavijeros:<\/td>\n<td width=\"80%\">Est\u00e1ndar sellados de fundici\u00f3n<\/td>\n<\/tr>\n<tr>\n<td width=\"20%\">Orientaci\u00f3n:<\/td>\n<td width=\"80%\">Diestra<\/td>\n<\/tr>\n<tr>\n<td width=\"20%\">Pickguard:<\/td>\n<td width=\"80%\">Negro (Black) de 3 capas<\/td>\n<\/tr>\n<tr>\n<td width=\"20%\">Perillas de Control:<\/td>\n<td width=\"80%\">Estriadas de cabeza plana<\/td>\n<\/tr>\n<tr>\n<td width=\"20%\">Punta del Interruptor:<\/td>\n<td width=\"80%\">Estilo barril<\/td>\n<\/tr>\n<\/tbody>\n<\/table>\n<\/div>\n<\/div>\n<hr \/>\n<div class=\"row-fluid\">\n<div id=\"spec_category_image_miscellaneous\" class=\"spec_category_image span3 text-center\">\n<h3>Varios<\/h3>\n<\/div>\n<div id=\"spec_category_table_miscellaneous\" class=\"spec_category_table span9 text-left\">\n<table class=\"table table-striped\" style=\"width: 100%;\">\n<tbody>\n<tr>\n<td width=\"20%\">Cuerdas:<\/td>\n<td width=\"80%\">Nickel Plated Steel (Calibres .009-.042)<\/td>\n<\/tr>\n<\/tbody>\n<\/table>\n<\/div>\n<\/div>\n","protected":false},"excerpt":{"rendered":"<p style=\"text-align: justify;\">La Squier\u00ae Telecaster\u00ae SH FMT de la serie Affinity, una magn\u00edfica puerta de entrada a la venerable familia Fender\u00ae, ofrece un dise\u00f1o legendario y un sonido por excelencia para el aspirante a h\u00e9roe de la guitarra de hoy. Esta Tele\u00ae presenta varias mejoras que facilitan el uso del guitarrista, como un cuerpo delgado y liviano con una llamativa tapa de arce flameado (FMT), un perfil de m\u00e1stil delgado y c\u00f3modo en forma de \u201cC\u201d, un puente con cuerdas a trav\u00e9s del cuerpo para una resonancia \u00f3ptima del cuerpo y clavijeros de fundici\u00f3n sellados para una afinaci\u00f3n suave y precisa y un f\u00e1cil cambio de cuerdas. Equipada con una c\u00e1psula de puente de bobina simple Squier y una c\u00e1psula de m\u00e1stil humbucker para una variedad de sonido que desaf\u00eda el g\u00e9nero, este modelo est\u00e1 listo para acompa\u00f1ar a cualquier guitarrista en cualquier etapa.<\/p>\n","protected":false},"featured_media":51945,"comment_status":"open","ping_status":"closed","template":"","meta":[],"product_brand":[],"product_cat":[202,524,124,160],"product_tag":[],"class_list":{"0":"post-51944","1":"product","2":"type-product","3":"status-publish","4":"has-post-thumbnail","6":"product_cat-squier-guitarras","7":"product_cat-squier-telecaster","8":"product_cat-guitarras-electricas","9":"product_cat-ofertas-2","11":"first","12":"instock","13":"sale","14":"shipping-taxable","15":"purchasable","16":"product-type-simple"},"_links":{"self":[{"href":"https:\/\/caralmusic.cl\/caral\/wp-json\/wp\/v2\/product\/51944","targetHints":{"allow":["GET"]}}],"collection":[{"href":"https:\/\/caralmusic.cl\/caral\/wp-json\/wp\/v2\/product"}],"about":[{"href":"https:\/\/caralmusic.cl\/caral\/wp-json\/wp\/v2\/types\/product"}],"replies":[{"embeddable":true,"href":"https:\/\/caralmusic.cl\/caral\/wp-json\/wp\/v2\/comments?post=51944"}],"wp:featuredmedia":[{"embeddable":true,"href":"https:\/\/caralmusic.cl\/caral\/wp-json\/wp\/v2\/media\/51945"}],"wp:attachment":[{"href":"https:\/\/caralmusic.cl\/caral\/wp-json\/wp\/v2\/media?parent=51944"}],"wp:term":[{"taxonomy":"product_brand","embeddable":true,"href":"https:\/\/caralmusic.cl\/caral\/wp-json\/wp\/v2\/product_brand?post=51944"},{"taxonomy":"product_cat","embeddable":true,"href":"https:\/\/caralmusic.cl\/caral\/wp-json\/wp\/v2\/product_cat?post=51944"},{"taxonomy":"product_tag","embeddable":true,"href":"https:\/\/caralmusic.cl\/caral\/wp-json\/wp\/v2\/product_tag?post=51944"}],"curies":[{"name":"wp","href":"https:\/\/api.w.org\/{rel}","templated":true}]}}